{"id":17,"date":"2023-09-18T17:58:18","date_gmt":"2023-09-18T20:58:18","guid":{"rendered":"https:\/\/jornaloarauto.com.br\/?page_id=17"},"modified":"2026-01-05T18:58:22","modified_gmt":"2026-01-05T21:58:22","slug":"edicoes","status":"publish","type":"page","link":"https:\/\/jornaloarauto.com.br\/index.php\/edicoes\/","title":{"rendered":"Edi\u00e7\u00f5es"},"content":{"rendered":"\n<div class=\"wp-block-columns is-layout-flex wp-container-core-columns-is-layout-9d6595d7 wp-block-columns-is-layout-flex\">\n<div class=\"wp-block-column is-layout-flow wp-block-column-is-layout-flow\">\n<p>Escolha o ano para ver as edi\u00e7\u00f5es:<\/p>\n\n\n\n<p><\/p>\n\n\n\n<p>Jornal O Arauto: <strong><a href=\"https:\/\/jornaloarauto.com.br\/index.php\/2017-2\/\" data-type=\"page\" data-id=\"23\">2017<\/a> &#8211; <a href=\"https:\/\/jornaloarauto.com.br\/index.php\/2018-2\/\" data-type=\"page\" data-id=\"26\">2018<\/a> &#8211; <a href=\"https:\/\/jornaloarauto.com.br\/index.php\/2019-2\/\" data-type=\"page\" data-id=\"228\">2019<\/a> &#8211; <a href=\"https:\/\/jornaloarauto.com.br\/index.php\/2020-2\/\" data-type=\"page\" data-id=\"237\">2020<\/a> &#8211; <a href=\"https:\/\/jornaloarauto.com.br\/index.php\/2021-2\/\" data-type=\"page\" data-id=\"240\">2021 <\/a>&#8211; <a href=\"https:\/\/jornaloarauto.com.br\/index.php\/2022-2\/\" data-type=\"page\" data-id=\"243\">2022<\/a> &#8211; <a href=\"https:\/\/jornaloarauto.com.br\/index.php\/2023-2\/\" data-type=\"page\" data-id=\"248\">2023<\/a><\/strong> &#8211; <a href=\"https:\/\/jornaloarauto.com.br\/index.php\/2024-2\/\" data-type=\"page\" data-id=\"466\"><strong>2024<\/strong><\/a> &#8211; <strong><a href=\"https:\/\/jornaloarauto.com.br\/index.php\/2025-2\/\" data-type=\"page\" data-id=\"1996\">2025<\/a><\/strong> &#8211; <a href=\"https:\/\/jornaloarauto.com.br\/index.php\/2026-2\/\" data-type=\"page\" data-id=\"3549\"><strong>2026<\/strong><\/a><\/p>\n\n\n\n<p>Not\u00edcias Populares: <strong><a href=\"https:\/\/jornaloarauto.com.br\/index.php\/noticias-populares-2020\/\" data-type=\"page\" data-id=\"254\">2020<\/a> &#8211; <a href=\"https:\/\/jornaloarauto.com.br\/index.php\/noticias-populares-2021\/\" data-type=\"page\" data-id=\"302\">2021<\/a> &#8211; <a href=\"https:\/\/jornaloarauto.com.br\/index.php\/noticias-populares-2022\/\" data-type=\"page\" data-id=\"307\">2022<\/a> &#8211; <a href=\"https:\/\/jornaloarauto.com.br\/index.php\/noticias-populares-2023\/\" data-type=\"page\" data-id=\"314\">2023<\/a><\/strong> &#8211;<strong> <a href=\"https:\/\/jornaloarauto.com.br\/index.php\/noticias-populares-2024\/\" data-type=\"page\" data-id=\"474\">2024<\/a><\/strong><\/p>\n\n\n\n<p>Edi\u00e7\u00f5es Digitais: <strong><a href=\"https:\/\/jornaloarauto.com.br\/index.php\/edicoes-digitais-2024\/\" data-type=\"page\" data-id=\"484\">2024<\/a><\/strong> &#8211;<strong> <a href=\"https:\/\/jornaloarauto.com.br\/index.php\/edicoes-digitais-2025\/\" data-type=\"page\" data-id=\"1877\">2025<\/a><\/strong><\/p>\n<\/div>\n<\/div>\n\n\n\n<p><\/p>\n","protected":false},"excerpt":{"rendered":"<p>Escolha o ano para ver as edi\u00e7\u00f5es: Jornal O Arauto: 2017 &#8211; 2018 &#8211; 2019 &#8211; 2020 &#8211; 2021 &#8211; 2022 &#8211; 2023 &#8211; 2024 &#8211; 2025 &#8211; 2026 Not\u00edcias Populares: 2020 &#8211; 2021 &#8211; 2022 &#8211; 2023 &#8211; 2024 Edi\u00e7\u00f5es Digitais: 2024 &#8211; 2025<\/p>\n","protected":false},"author":1,"featured_media":0,"parent":0,"menu_order":0,"comment_status":"closed","ping_status":"closed","template":"","meta":{"footnotes":""},"class_list":["post-17","page","type-page","status-publish","hentry"],"_links":{"self":[{"href":"https:\/\/jornaloarauto.com.br\/index.php\/wp-json\/wp\/v2\/pages\/17","targetHints":{"allow":["GET"]}}],"collection":[{"href":"https:\/\/jornaloarauto.com.br\/index.php\/wp-json\/wp\/v2\/pages"}],"about":[{"href":"https:\/\/jornaloarauto.com.br\/index.php\/wp-json\/wp\/v2\/types\/page"}],"author":[{"embeddable":true,"href":"https:\/\/jornaloarauto.com.br\/index.php\/wp-json\/wp\/v2\/users\/1"}],"replies":[{"embeddable":true,"href":"https:\/\/jornaloarauto.com.br\/index.php\/wp-json\/wp\/v2\/comments?post=17"}],"version-history":[{"count":0,"href":"https:\/\/jornaloarauto.com.br\/index.php\/wp-json\/wp\/v2\/pages\/17\/revisions"}],"wp:attachment":[{"href":"https:\/\/jornaloarauto.com.br\/index.php\/wp-json\/wp\/v2\/media?parent=17"}],"curies":[{"name":"wp","href":"https:\/\/api.w.org\/{rel}","templated":true}]}}