{"id":1877,"date":"2025-01-04T13:27:05","date_gmt":"2025-01-04T16:27:05","guid":{"rendered":"https:\/\/jornaloarauto.com.br\/?page_id=1877"},"modified":"2025-05-10T12:05:20","modified_gmt":"2025-05-10T15:05:20","slug":"edicoes-digitais-2025","status":"publish","type":"page","link":"https:\/\/jornaloarauto.com.br\/index.php\/edicoes-digitais-2025\/","title":{"rendered":"Digitais 2025"},"content":{"rendered":"\n<div class=\"wp-block-columns is-layout-flex wp-container-core-columns-is-layout-9d6595d7 wp-block-columns-is-layout-flex\">\n<div class=\"wp-block-column is-layout-flow wp-block-column-is-layout-flow\">\n<p class=\"has-text-align-center\"><strong>Edi\u00e7\u00e3o 33<\/strong><\/p>\n\n\n\n<figure class=\"wp-block-image size-full is-resized\"><a href=\"https:\/\/jornaloarauto.com.br\/wp-content\/uploads\/2025\/01\/vd033.pdf\"><img decoding=\"async\" width=\"624\" height=\"850\" src=\"https:\/\/jornaloarauto.com.br\/wp-content\/uploads\/2025\/01\/vd033capa.png\" alt=\"\" class=\"wp-image-1881\" style=\"width:274px;height:auto\" title=\"\" srcset=\"https:\/\/jornaloarauto.com.br\/wp-content\/uploads\/2025\/01\/vd033capa.png 624w, https:\/\/jornaloarauto.com.br\/wp-content\/uploads\/2025\/01\/vd033capa-220x300.png 220w\" sizes=\"(max-width: 624px) 100vw, 624px\" \/><\/a><\/figure>\n\n\n\n<p class=\"has-text-align-center\"><a href=\"https:\/\/jornaloarauto.com.br\/wp-content\/uploads\/2025\/01\/vd033.pdf\" data-type=\"attachment\" data-id=\"1882\">Clique aqui para baixar<\/a><\/p>\n<\/div>\n\n\n\n<div class=\"wp-block-column is-layout-flow wp-block-column-is-layout-flow\">\n<p class=\"has-text-align-center\"><strong>Edi\u00e7\u00e3o 34<\/strong><\/p>\n\n\n\n<figure class=\"wp-block-image size-full is-resized\"><a href=\"https:\/\/jornaloarauto.com.br\/wp-content\/uploads\/2025\/01\/vd034.pdf\"><img decoding=\"async\" width=\"624\" height=\"850\" src=\"https:\/\/jornaloarauto.com.br\/wp-content\/uploads\/2025\/01\/vd034capa.png\" alt=\"\" class=\"wp-image-1906\" style=\"width:274px;height:auto\" title=\"\" srcset=\"https:\/\/jornaloarauto.com.br\/wp-content\/uploads\/2025\/01\/vd034capa.png 624w, https:\/\/jornaloarauto.com.br\/wp-content\/uploads\/2025\/01\/vd034capa-220x300.png 220w\" sizes=\"(max-width: 624px) 100vw, 624px\" \/><\/a><\/figure>\n\n\n\n<p class=\"has-text-align-center\"><a href=\"https:\/\/jornaloarauto.com.br\/wp-content\/uploads\/2025\/01\/vd034.pdf\" data-type=\"attachment\" data-id=\"1907\">Clique aqui para baixar<\/a><\/p>\n<\/div>\n\n\n\n<div class=\"wp-block-column is-layout-flow wp-block-column-is-layout-flow\">\n<p class=\"has-text-align-center\"><strong>Edi\u00e7\u00e3o 35<\/strong><\/p>\n\n\n\n<figure class=\"wp-block-image size-full is-resized\"><a href=\"https:\/\/jornaloarauto.com.br\/wp-content\/uploads\/2025\/01\/vd035.pdf\"><img decoding=\"async\" width=\"624\" height=\"850\" src=\"https:\/\/jornaloarauto.com.br\/wp-content\/uploads\/2025\/01\/vd035capa.png\" alt=\"\" class=\"wp-image-1941\" style=\"width:274px;height:auto\" title=\"\" srcset=\"https:\/\/jornaloarauto.com.br\/wp-content\/uploads\/2025\/01\/vd035capa.png 624w, https:\/\/jornaloarauto.com.br\/wp-content\/uploads\/2025\/01\/vd035capa-220x300.png 220w\" sizes=\"(max-width: 624px) 100vw, 624px\" \/><\/a><\/figure>\n\n\n\n<p class=\"has-text-align-center\"><a href=\"https:\/\/jornaloarauto.com.br\/wp-content\/uploads\/2025\/01\/vd035.pdf\" data-type=\"attachment\" data-id=\"1942\">Clique aqui para baixar<\/a><\/p>\n<\/div>\n<\/div>\n\n\n\n<div class=\"wp-block-columns is-layout-flex wp-container-core-columns-is-layout-9d6595d7 wp-block-columns-is-layout-flex\">\n<div class=\"wp-block-column is-layout-flow wp-block-column-is-layout-flow\">\n<p class=\"has-text-align-center\"><strong>Edi\u00e7\u00e3o 36<\/strong><\/p>\n\n\n\n<figure class=\"wp-block-image size-full is-resized\"><a href=\"https:\/\/jornaloarauto.com.br\/wp-content\/uploads\/2025\/01\/vd036.pdf\"><img decoding=\"async\" width=\"623\" height=\"850\" src=\"https:\/\/jornaloarauto.com.br\/wp-content\/uploads\/2025\/01\/vd036capa.png\" alt=\"\" class=\"wp-image-1967\" style=\"width:274px;height:auto\" title=\"\" srcset=\"https:\/\/jornaloarauto.com.br\/wp-content\/uploads\/2025\/01\/vd036capa.png 623w, https:\/\/jornaloarauto.com.br\/wp-content\/uploads\/2025\/01\/vd036capa-220x300.png 220w\" sizes=\"(max-width: 623px) 100vw, 623px\" \/><\/a><\/figure>\n\n\n\n<p class=\"has-text-align-center\"><a href=\"https:\/\/jornaloarauto.com.br\/wp-content\/uploads\/2025\/01\/vd036.pdf\" data-type=\"attachment\" data-id=\"1970\">Clique aqui para baixar<\/a><\/p>\n<\/div>\n\n\n\n<div class=\"wp-block-column is-layout-flow wp-block-column-is-layout-flow\">\n<p class=\"has-text-align-center\"><strong>Edi\u00e7\u00e3o 37<\/strong><\/p>\n\n\n\n<figure class=\"wp-block-image size-full is-resized\"><a href=\"https:\/\/jornaloarauto.com.br\/wp-content\/uploads\/2025\/02\/vd037.pdf\"><img decoding=\"async\" width=\"623\" height=\"850\" src=\"https:\/\/jornaloarauto.com.br\/wp-content\/uploads\/2025\/02\/vd037capa.png\" alt=\"\" class=\"wp-image-2053\" style=\"width:274px;height:auto\" title=\"\" srcset=\"https:\/\/jornaloarauto.com.br\/wp-content\/uploads\/2025\/02\/vd037capa.png 623w, https:\/\/jornaloarauto.com.br\/wp-content\/uploads\/2025\/02\/vd037capa-220x300.png 220w\" sizes=\"(max-width: 623px) 100vw, 623px\" \/><\/a><\/figure>\n\n\n\n<p class=\"has-text-align-center\"><a href=\"https:\/\/jornaloarauto.com.br\/wp-content\/uploads\/2025\/02\/vd037.pdf\" data-type=\"attachment\" data-id=\"2054\">Clique aqui para baixar<\/a><\/p>\n<\/div>\n\n\n\n<div class=\"wp-block-column is-layout-flow wp-block-column-is-layout-flow\">\n<p class=\"has-text-align-center\"><strong>Edi\u00e7\u00e3o 38<\/strong><\/p>\n\n\n\n<figure class=\"wp-block-image size-full is-resized\"><a href=\"https:\/\/jornaloarauto.com.br\/wp-content\/uploads\/2025\/02\/vd038.pdf\"><img decoding=\"async\" width=\"623\" height=\"850\" src=\"https:\/\/jornaloarauto.com.br\/wp-content\/uploads\/2025\/02\/vd038capa.png\" alt=\"\" class=\"wp-image-2085\" style=\"width:274px;height:auto\" title=\"\" srcset=\"https:\/\/jornaloarauto.com.br\/wp-content\/uploads\/2025\/02\/vd038capa.png 623w, https:\/\/jornaloarauto.com.br\/wp-content\/uploads\/2025\/02\/vd038capa-220x300.png 220w\" sizes=\"(max-width: 623px) 100vw, 623px\" \/><\/a><\/figure>\n\n\n\n<p class=\"has-text-align-center\"><a href=\"https:\/\/jornaloarauto.com.br\/wp-content\/uploads\/2025\/02\/vd038.pdf\" data-type=\"attachment\" data-id=\"2087\">Clique aqui para baixar<\/a><\/p>\n<\/div>\n<\/div>\n\n\n\n<div class=\"wp-block-columns is-layout-flex wp-container-core-columns-is-layout-9d6595d7 wp-block-columns-is-layout-flex\">\n<div class=\"wp-block-column is-layout-flow wp-block-column-is-layout-flow\">\n<p class=\"has-text-align-center\"><strong>Edi\u00e7\u00e3o 39<\/strong><\/p>\n\n\n\n<figure class=\"wp-block-image size-full is-resized\"><a href=\"https:\/\/jornaloarauto.com.br\/wp-content\/uploads\/2025\/02\/vd039.pdf\"><img decoding=\"async\" width=\"623\" height=\"850\" src=\"https:\/\/jornaloarauto.com.br\/wp-content\/uploads\/2025\/02\/vd039capa.png\" alt=\"\" class=\"wp-image-2111\" style=\"width:274px;height:auto\" title=\"\" srcset=\"https:\/\/jornaloarauto.com.br\/wp-content\/uploads\/2025\/02\/vd039capa.png 623w, https:\/\/jornaloarauto.com.br\/wp-content\/uploads\/2025\/02\/vd039capa-220x300.png 220w\" sizes=\"(max-width: 623px) 100vw, 623px\" \/><\/a><\/figure>\n\n\n\n<p class=\"has-text-align-center\"><a href=\"https:\/\/jornaloarauto.com.br\/wp-content\/uploads\/2025\/02\/vd039.pdf\" data-type=\"attachment\" data-id=\"2112\">Clique aqui para baixar<\/a><\/p>\n<\/div>\n\n\n\n<div class=\"wp-block-column is-layout-flow wp-block-column-is-layout-flow\">\n<p class=\"has-text-align-center\"><strong>Edi\u00e7\u00e3o 40<\/strong><\/p>\n\n\n\n<figure class=\"wp-block-image size-full is-resized\"><a href=\"https:\/\/jornaloarauto.com.br\/wp-content\/uploads\/2025\/03\/vd040.pdf\"><img decoding=\"async\" width=\"623\" height=\"850\" src=\"https:\/\/jornaloarauto.com.br\/wp-content\/uploads\/2025\/03\/vd040capa.png\" alt=\"\" class=\"wp-image-2169\" style=\"width:274px;height:auto\" title=\"\" srcset=\"https:\/\/jornaloarauto.com.br\/wp-content\/uploads\/2025\/03\/vd040capa.png 623w, https:\/\/jornaloarauto.com.br\/wp-content\/uploads\/2025\/03\/vd040capa-220x300.png 220w\" sizes=\"(max-width: 623px) 100vw, 623px\" \/><\/a><\/figure>\n\n\n\n<p class=\"has-text-align-center\"><a href=\"https:\/\/jornaloarauto.com.br\/wp-content\/uploads\/2025\/03\/vd040.pdf\" data-type=\"attachment\" data-id=\"2170\">Clique aqui para baixar<\/a><\/p>\n<\/div>\n\n\n\n<div class=\"wp-block-column is-layout-flow wp-block-column-is-layout-flow\">\n<p class=\"has-text-align-center\"><strong>Edi\u00e7\u00e3o 41<\/strong><\/p>\n\n\n\n<figure class=\"wp-block-image size-full is-resized\"><a href=\"https:\/\/jornaloarauto.com.br\/wp-content\/uploads\/2025\/03\/vd041.pdf\"><img decoding=\"async\" width=\"623\" height=\"850\" src=\"https:\/\/jornaloarauto.com.br\/wp-content\/uploads\/2025\/03\/vd041capa.png\" alt=\"\" class=\"wp-image-2206\" style=\"width:274px;height:auto\" title=\"\" srcset=\"https:\/\/jornaloarauto.com.br\/wp-content\/uploads\/2025\/03\/vd041capa.png 623w, https:\/\/jornaloarauto.com.br\/wp-content\/uploads\/2025\/03\/vd041capa-220x300.png 220w\" sizes=\"(max-width: 623px) 100vw, 623px\" \/><\/a><\/figure>\n\n\n\n<p class=\"has-text-align-center\"><a href=\"https:\/\/jornaloarauto.com.br\/wp-content\/uploads\/2025\/03\/vd041.pdf\" data-type=\"attachment\" data-id=\"2207\">Clique aqui para baixar<\/a><\/p>\n<\/div>\n<\/div>\n\n\n\n<div class=\"wp-block-columns is-layout-flex wp-container-core-columns-is-layout-9d6595d7 wp-block-columns-is-layout-flex\">\n<div class=\"wp-block-column is-layout-flow wp-block-column-is-layout-flow\">\n<p class=\"has-text-align-center\"><strong>Edi\u00e7\u00e3o 42<\/strong><\/p>\n\n\n\n<figure class=\"wp-block-image size-full is-resized\"><a href=\"https:\/\/jornaloarauto.com.br\/wp-content\/uploads\/2025\/03\/vd042.pdf\"><img decoding=\"async\" width=\"623\" height=\"850\" src=\"https:\/\/jornaloarauto.com.br\/wp-content\/uploads\/2025\/03\/vd042capa.png\" alt=\"\" class=\"wp-image-2238\" style=\"width:274px;height:auto\" title=\"\" srcset=\"https:\/\/jornaloarauto.com.br\/wp-content\/uploads\/2025\/03\/vd042capa.png 623w, https:\/\/jornaloarauto.com.br\/wp-content\/uploads\/2025\/03\/vd042capa-220x300.png 220w\" sizes=\"(max-width: 623px) 100vw, 623px\" \/><\/a><\/figure>\n\n\n\n<p class=\"has-text-align-center\"><a href=\"https:\/\/jornaloarauto.com.br\/wp-content\/uploads\/2025\/03\/vd042.pdf\" data-type=\"attachment\" data-id=\"2239\">Clique aqui para baixar<\/a><\/p>\n<\/div>\n\n\n\n<div class=\"wp-block-column is-layout-flow wp-block-column-is-layout-flow\">\n<p class=\"has-text-align-center\"><strong>Edi\u00e7\u00e3o 43<\/strong><\/p>\n\n\n\n<figure class=\"wp-block-image size-full is-resized\"><a href=\"https:\/\/jornaloarauto.com.br\/wp-content\/uploads\/2025\/04\/vd043.pdf\"><img decoding=\"async\" width=\"624\" height=\"850\" src=\"https:\/\/jornaloarauto.com.br\/wp-content\/uploads\/2025\/04\/vd043capa.png\" alt=\"\" class=\"wp-image-2316\" style=\"width:274px;height:auto\" title=\"\" srcset=\"https:\/\/jornaloarauto.com.br\/wp-content\/uploads\/2025\/04\/vd043capa.png 624w, https:\/\/jornaloarauto.com.br\/wp-content\/uploads\/2025\/04\/vd043capa-220x300.png 220w\" sizes=\"(max-width: 624px) 100vw, 624px\" \/><\/a><\/figure>\n\n\n\n<p class=\"has-text-align-center\"><a href=\"https:\/\/jornaloarauto.com.br\/wp-content\/uploads\/2025\/04\/vd043.pdf\" data-type=\"attachment\" data-id=\"2317\">Clique aqui para baixar<\/a><\/p>\n<\/div>\n\n\n\n<div class=\"wp-block-column is-layout-flow wp-block-column-is-layout-flow\">\n<p class=\"has-text-align-center\"><strong>Edi\u00e7\u00e3o 44<\/strong><\/p>\n\n\n\n<figure class=\"wp-block-image size-full is-resized\"><a href=\"https:\/\/jornaloarauto.com.br\/wp-content\/uploads\/2025\/04\/vd044.pdf\"><img decoding=\"async\" width=\"623\" height=\"850\" src=\"https:\/\/jornaloarauto.com.br\/wp-content\/uploads\/2025\/04\/vd044capa.png\" alt=\"\" class=\"wp-image-2351\" style=\"width:274px;height:auto\" title=\"\" srcset=\"https:\/\/jornaloarauto.com.br\/wp-content\/uploads\/2025\/04\/vd044capa.png 623w, https:\/\/jornaloarauto.com.br\/wp-content\/uploads\/2025\/04\/vd044capa-220x300.png 220w\" sizes=\"(max-width: 623px) 100vw, 623px\" \/><\/a><\/figure>\n\n\n\n<p class=\"has-text-align-center\"><a href=\"https:\/\/jornaloarauto.com.br\/wp-content\/uploads\/2025\/04\/vd044.pdf\" data-type=\"attachment\" data-id=\"2352\">Clique aqui para baixar<\/a><\/p>\n<\/div>\n<\/div>\n\n\n\n<div class=\"wp-block-columns is-layout-flex wp-container-core-columns-is-layout-9d6595d7 wp-block-columns-is-layout-flex\">\n<div class=\"wp-block-column is-layout-flow wp-block-column-is-layout-flow\">\n<p class=\"has-text-align-center\"><strong>Edi\u00e7\u00e3o 45<\/strong><\/p>\n\n\n\n<figure class=\"wp-block-image size-full is-resized\"><a href=\"https:\/\/jornaloarauto.com.br\/wp-content\/uploads\/2025\/04\/vd045.pdf\"><img decoding=\"async\" width=\"623\" height=\"850\" src=\"https:\/\/jornaloarauto.com.br\/wp-content\/uploads\/2025\/04\/vd045capa.png\" alt=\"\" class=\"wp-image-2397\" style=\"width:274px;height:auto\" title=\"\" srcset=\"https:\/\/jornaloarauto.com.br\/wp-content\/uploads\/2025\/04\/vd045capa.png 623w, https:\/\/jornaloarauto.com.br\/wp-content\/uploads\/2025\/04\/vd045capa-220x300.png 220w\" sizes=\"(max-width: 623px) 100vw, 623px\" \/><\/a><\/figure>\n\n\n\n<p class=\"has-text-align-center\"><a href=\"https:\/\/jornaloarauto.com.br\/wp-content\/uploads\/2025\/04\/vd045.pdf\" data-type=\"attachment\" data-id=\"2398\">Clique aqui para baixar<\/a><\/p>\n<\/div>\n\n\n\n<div class=\"wp-block-column is-layout-flow wp-block-column-is-layout-flow\">\n<p class=\"has-text-align-center\"><strong>Edi\u00e7\u00e3o 46<\/strong><\/p>\n\n\n\n<figure class=\"wp-block-image size-full is-resized\"><a href=\"https:\/\/jornaloarauto.com.br\/wp-content\/uploads\/2025\/05\/vd046.pdf\"><img decoding=\"async\" width=\"623\" height=\"850\" src=\"https:\/\/jornaloarauto.com.br\/wp-content\/uploads\/2025\/05\/vd046capa.png\" alt=\"\" class=\"wp-image-2474\" style=\"width:274px;height:auto\" title=\"\" srcset=\"https:\/\/jornaloarauto.com.br\/wp-content\/uploads\/2025\/05\/vd046capa.png 623w, https:\/\/jornaloarauto.com.br\/wp-content\/uploads\/2025\/05\/vd046capa-220x300.png 220w\" sizes=\"(max-width: 623px) 100vw, 623px\" \/><\/a><\/figure>\n\n\n\n<p class=\"has-text-align-center\"><a href=\"https:\/\/jornaloarauto.com.br\/wp-content\/uploads\/2025\/05\/vd046.pdf\" data-type=\"attachment\" data-id=\"2475\">Clique aqui para baixar<\/a><\/p>\n<\/div>\n\n\n\n<div class=\"wp-block-column is-layout-flow wp-block-column-is-layout-flow\">\n<p class=\"has-text-align-center\"><strong>Edi\u00e7\u00e3o 47<\/strong><\/p>\n\n\n\n<figure class=\"wp-block-image size-full is-resized\"><a href=\"https:\/\/jornaloarauto.com.br\/wp-content\/uploads\/2025\/05\/vd047.pdf\"><img decoding=\"async\" width=\"623\" height=\"850\" src=\"https:\/\/jornaloarauto.com.br\/wp-content\/uploads\/2025\/05\/vd047capa.png\" alt=\"\" class=\"wp-image-2518\" style=\"width:274px;height:auto\" title=\"\" srcset=\"https:\/\/jornaloarauto.com.br\/wp-content\/uploads\/2025\/05\/vd047capa.png 623w, https:\/\/jornaloarauto.com.br\/wp-content\/uploads\/2025\/05\/vd047capa-220x300.png 220w\" sizes=\"(max-width: 623px) 100vw, 623px\" \/><\/a><\/figure>\n\n\n\n<p class=\"has-text-align-center\"><a href=\"https:\/\/jornaloarauto.com.br\/wp-content\/uploads\/2025\/05\/vd047.pdf\" data-type=\"attachment\" data-id=\"2519\">Clique aqui para baixar<\/a><\/p>\n<\/div>\n<\/div>\n","protected":false},"excerpt":{"rendered":"<p>Edi\u00e7\u00e3o 33 Clique aqui para baixar Edi\u00e7\u00e3o 34 Clique aqui para baixar Edi\u00e7\u00e3o 35 Clique aqui para baixar Edi\u00e7\u00e3o 36 Clique aqui para baixar Edi\u00e7\u00e3o 37 Clique aqui para baixar Edi\u00e7\u00e3o 38 Clique aqui para baixar Edi\u00e7\u00e3o 39 Clique aqui para baixar Edi\u00e7\u00e3o 40 Clique aqui para baixar Edi\u00e7\u00e3o 41 Clique aqui para baixar Edi\u00e7\u00e3o&#8230;<\/p>\n","protected":false},"author":1,"featured_media":0,"parent":0,"menu_order":0,"comment_status":"closed","ping_status":"closed","template":"","meta":{"footnotes":""},"class_list":["post-1877","page","type-page","status-publish","hentry"],"_links":{"self":[{"href":"https:\/\/jornaloarauto.com.br\/index.php\/wp-json\/wp\/v2\/pages\/1877","targetHints":{"allow":["GET"]}}],"collection":[{"href":"https:\/\/jornaloarauto.com.br\/index.php\/wp-json\/wp\/v2\/pages"}],"about":[{"href":"https:\/\/jornaloarauto.com.br\/index.php\/wp-json\/wp\/v2\/types\/page"}],"author":[{"embeddable":true,"href":"https:\/\/jornaloarauto.com.br\/index.php\/wp-json\/wp\/v2\/users\/1"}],"replies":[{"embeddable":true,"href":"https:\/\/jornaloarauto.com.br\/index.php\/wp-json\/wp\/v2\/comments?post=1877"}],"version-history":[{"count":0,"href":"https:\/\/jornaloarauto.com.br\/index.php\/wp-json\/wp\/v2\/pages\/1877\/revisions"}],"wp:attachment":[{"href":"https:\/\/jornaloarauto.com.br\/index.php\/wp-json\/wp\/v2\/media?parent=1877"}],"curies":[{"name":"wp","href":"https:\/\/api.w.org\/{rel}","templated":true}]}}