{"id":240,"date":"2023-09-18T19:34:41","date_gmt":"2023-09-18T22:34:41","guid":{"rendered":"https:\/\/jornaloarauto.com.br\/?page_id=240"},"modified":"2023-09-18T19:34:41","modified_gmt":"2023-09-18T22:34:41","slug":"2021-2","status":"publish","type":"page","link":"https:\/\/jornaloarauto.com.br\/index.php\/2021-2\/","title":{"rendered":"2021"},"content":{"rendered":"\n<div class=\"wp-block-columns is-layout-flex wp-container-core-columns-is-layout-9d6595d7 wp-block-columns-is-layout-flex\">\n<div class=\"wp-block-column is-layout-flow wp-block-column-is-layout-flow\">\n<p class=\"has-text-align-center\">Edi\u00e7\u00e3o 38 &#8211; Janeiro<\/p>\n\n\n\n<figure class=\"wp-block-image size-full is-resized\"><img decoding=\"async\" src=\"https:\/\/jornaloarauto.com.br\/wp-content\/uploads\/2023\/09\/Ed038capa.png\" alt=\"\" class=\"wp-image-205\" style=\"width:275px;height:311px\" width=\"275\" height=\"311\" title=\"\" srcset=\"https:\/\/jornaloarauto.com.br\/wp-content\/uploads\/2023\/09\/Ed038capa.png 400w, https:\/\/jornaloarauto.com.br\/wp-content\/uploads\/2023\/09\/Ed038capa-265x300.png 265w, https:\/\/jornaloarauto.com.br\/wp-content\/uploads\/2023\/09\/Ed038capa-53x60.png 53w\" sizes=\"(max-width: 275px) 100vw, 275px\" \/><\/figure>\n\n\n\n<p class=\"has-text-align-center\"><a href=\"https:\/\/jornaloarauto.com.br\/wp-content\/uploads\/2023\/09\/Ed038.pdf\" data-type=\"attachment\" data-id=\"113\">Baixe o pdf aqui<\/a><\/p>\n<\/div>\n\n\n\n<div class=\"wp-block-column is-layout-flow wp-block-column-is-layout-flow\">\n<p class=\"has-text-align-center\">Edi\u00e7\u00e3o 39 &#8211; Fevereiro<\/p>\n\n\n\n<figure class=\"wp-block-image size-full is-resized\"><img decoding=\"async\" src=\"https:\/\/jornaloarauto.com.br\/wp-content\/uploads\/2023\/09\/Ed039capa.png\" alt=\"\" class=\"wp-image-206\" style=\"width:274px;height:310px\" width=\"274\" height=\"310\" title=\"\" srcset=\"https:\/\/jornaloarauto.com.br\/wp-content\/uploads\/2023\/09\/Ed039capa.png 400w, https:\/\/jornaloarauto.com.br\/wp-content\/uploads\/2023\/09\/Ed039capa-265x300.png 265w, https:\/\/jornaloarauto.com.br\/wp-content\/uploads\/2023\/09\/Ed039capa-53x60.png 53w\" sizes=\"(max-width: 274px) 100vw, 274px\" \/><\/figure>\n\n\n\n<p class=\"has-text-align-center\"><a href=\"https:\/\/jornaloarauto.com.br\/wp-content\/uploads\/2023\/09\/Ed039.pdf\" data-type=\"attachment\" data-id=\"114\">Baixe o pdf aqui<\/a><\/p>\n<\/div>\n\n\n\n<div class=\"wp-block-column is-layout-flow wp-block-column-is-layout-flow\">\n<p class=\"has-text-align-center\">Edi\u00e7\u00e3o 40 &#8211; Mar\u00e7o<\/p>\n\n\n\n<figure class=\"wp-block-image size-full is-resized\"><img decoding=\"async\" src=\"https:\/\/jornaloarauto.com.br\/wp-content\/uploads\/2023\/09\/Ed040capa.png\" alt=\"\" class=\"wp-image-207\" style=\"width:274px;height:310px\" width=\"274\" height=\"310\" title=\"\" srcset=\"https:\/\/jornaloarauto.com.br\/wp-content\/uploads\/2023\/09\/Ed040capa.png 400w, https:\/\/jornaloarauto.com.br\/wp-content\/uploads\/2023\/09\/Ed040capa-265x300.png 265w, https:\/\/jornaloarauto.com.br\/wp-content\/uploads\/2023\/09\/Ed040capa-53x60.png 53w\" sizes=\"(max-width: 274px) 100vw, 274px\" \/><\/figure>\n\n\n\n<p class=\"has-text-align-center\"><a href=\"https:\/\/jornaloarauto.com.br\/wp-content\/uploads\/2023\/09\/Ed040.pdf\" data-type=\"attachment\" data-id=\"115\">Baixe o pdf aqui<\/a><\/p>\n<\/div>\n<\/div>\n\n\n\n<div class=\"wp-block-columns is-layout-flex wp-container-core-columns-is-layout-9d6595d7 wp-block-columns-is-layout-flex\">\n<div class=\"wp-block-column is-layout-flow wp-block-column-is-layout-flow\">\n<p class=\"has-text-align-center\">Edi\u00e7\u00e3o 41 &#8211; Abril<\/p>\n\n\n\n<figure class=\"wp-block-image size-full is-resized\"><img decoding=\"async\" src=\"https:\/\/jornaloarauto.com.br\/wp-content\/uploads\/2023\/09\/Ed041capa.png\" alt=\"\" class=\"wp-image-208\" style=\"width:274px;height:310px\" width=\"274\" height=\"310\" title=\"\" srcset=\"https:\/\/jornaloarauto.com.br\/wp-content\/uploads\/2023\/09\/Ed041capa.png 400w, https:\/\/jornaloarauto.com.br\/wp-content\/uploads\/2023\/09\/Ed041capa-265x300.png 265w, https:\/\/jornaloarauto.com.br\/wp-content\/uploads\/2023\/09\/Ed041capa-53x60.png 53w\" sizes=\"(max-width: 274px) 100vw, 274px\" \/><\/figure>\n\n\n\n<p class=\"has-text-align-center\"><a href=\"https:\/\/jornaloarauto.com.br\/wp-content\/uploads\/2023\/09\/Ed041.pdf\" data-type=\"attachment\" data-id=\"116\">Baixe o pdf aqui<\/a><\/p>\n<\/div>\n\n\n\n<div class=\"wp-block-column is-layout-flow wp-block-column-is-layout-flow\">\n<p class=\"has-text-align-center\">Edi\u00e7\u00e3o 42 &#8211; Maio<\/p>\n\n\n\n<figure class=\"wp-block-image size-full is-resized\"><img decoding=\"async\" src=\"https:\/\/jornaloarauto.com.br\/wp-content\/uploads\/2023\/09\/Ed042capa.png\" alt=\"\" class=\"wp-image-209\" style=\"width:274px;height:310px\" width=\"274\" height=\"310\" title=\"\" srcset=\"https:\/\/jornaloarauto.com.br\/wp-content\/uploads\/2023\/09\/Ed042capa.png 400w, https:\/\/jornaloarauto.com.br\/wp-content\/uploads\/2023\/09\/Ed042capa-265x300.png 265w, https:\/\/jornaloarauto.com.br\/wp-content\/uploads\/2023\/09\/Ed042capa-53x60.png 53w\" sizes=\"(max-width: 274px) 100vw, 274px\" \/><\/figure>\n\n\n\n<p class=\"has-text-align-center\"><a href=\"https:\/\/jornaloarauto.com.br\/wp-content\/uploads\/2023\/09\/Ed042.pdf\" data-type=\"attachment\" data-id=\"117\">Baixe o pdf aqui<\/a><\/p>\n<\/div>\n\n\n\n<div class=\"wp-block-column is-layout-flow wp-block-column-is-layout-flow\">\n<p class=\"has-text-align-center\">Edi\u00e7\u00e3o 43 &#8211; Junho<\/p>\n\n\n\n<figure class=\"wp-block-image size-full is-resized\"><img decoding=\"async\" src=\"https:\/\/jornaloarauto.com.br\/wp-content\/uploads\/2023\/09\/Ed043capa.png\" alt=\"\" class=\"wp-image-210\" style=\"width:274px;height:310px\" width=\"274\" height=\"310\" title=\"\" srcset=\"https:\/\/jornaloarauto.com.br\/wp-content\/uploads\/2023\/09\/Ed043capa.png 400w, https:\/\/jornaloarauto.com.br\/wp-content\/uploads\/2023\/09\/Ed043capa-265x300.png 265w, https:\/\/jornaloarauto.com.br\/wp-content\/uploads\/2023\/09\/Ed043capa-53x60.png 53w\" sizes=\"(max-width: 274px) 100vw, 274px\" \/><\/figure>\n\n\n\n<p class=\"has-text-align-center\"><a href=\"https:\/\/jornaloarauto.com.br\/wp-content\/uploads\/2023\/09\/Ed043.pdf\" data-type=\"attachment\" data-id=\"118\">Baixe o pdf aqui<\/a><\/p>\n<\/div>\n<\/div>\n\n\n\n<div class=\"wp-block-columns is-layout-flex wp-container-core-columns-is-layout-9d6595d7 wp-block-columns-is-layout-flex\">\n<div class=\"wp-block-column is-layout-flow wp-block-column-is-layout-flow\">\n<p class=\"has-text-align-center\">Edi\u00e7\u00e3o 44 &#8211; Julho<\/p>\n\n\n\n<figure class=\"wp-block-image size-full is-resized\"><img decoding=\"async\" src=\"https:\/\/jornaloarauto.com.br\/wp-content\/uploads\/2023\/09\/Ed044capa.png\" alt=\"\" class=\"wp-image-211\" style=\"width:274px;height:310px\" width=\"274\" height=\"310\" title=\"\" srcset=\"https:\/\/jornaloarauto.com.br\/wp-content\/uploads\/2023\/09\/Ed044capa.png 400w, https:\/\/jornaloarauto.com.br\/wp-content\/uploads\/2023\/09\/Ed044capa-265x300.png 265w, https:\/\/jornaloarauto.com.br\/wp-content\/uploads\/2023\/09\/Ed044capa-53x60.png 53w\" sizes=\"(max-width: 274px) 100vw, 274px\" \/><\/figure>\n\n\n\n<p class=\"has-text-align-center\"><a href=\"https:\/\/jornaloarauto.com.br\/wp-content\/uploads\/2023\/09\/Ed044.pdf\" data-type=\"attachment\" data-id=\"119\">Baixe o pdf aqui<\/a><\/p>\n<\/div>\n\n\n\n<div class=\"wp-block-column is-layout-flow wp-block-column-is-layout-flow\">\n<p class=\"has-text-align-center\">Edi\u00e7\u00e3o 45 &#8211; Agosto<\/p>\n\n\n\n<figure class=\"wp-block-image size-full is-resized\"><img decoding=\"async\" src=\"https:\/\/jornaloarauto.com.br\/wp-content\/uploads\/2023\/09\/Ed045capa.png\" alt=\"\" class=\"wp-image-212\" style=\"width:274px;height:310px\" width=\"274\" height=\"310\" title=\"\" srcset=\"https:\/\/jornaloarauto.com.br\/wp-content\/uploads\/2023\/09\/Ed045capa.png 400w, https:\/\/jornaloarauto.com.br\/wp-content\/uploads\/2023\/09\/Ed045capa-265x300.png 265w, https:\/\/jornaloarauto.com.br\/wp-content\/uploads\/2023\/09\/Ed045capa-53x60.png 53w\" sizes=\"(max-width: 274px) 100vw, 274px\" \/><\/figure>\n\n\n\n<p class=\"has-text-align-center\"><a href=\"https:\/\/jornaloarauto.com.br\/wp-content\/uploads\/2023\/09\/Ed045.pdf\" data-type=\"attachment\" data-id=\"120\">Baixe o pdf aqui<\/a><\/p>\n<\/div>\n\n\n\n<div class=\"wp-block-column is-layout-flow wp-block-column-is-layout-flow\">\n<p class=\"has-text-align-center\">Edi\u00e7\u00e3o 46 &#8211; Setembro<\/p>\n\n\n\n<figure class=\"wp-block-image size-full is-resized\"><img decoding=\"async\" src=\"https:\/\/jornaloarauto.com.br\/wp-content\/uploads\/2023\/09\/Ed046capa.png\" alt=\"\" class=\"wp-image-213\" style=\"width:274px;height:310px\" width=\"274\" height=\"310\" title=\"\" srcset=\"https:\/\/jornaloarauto.com.br\/wp-content\/uploads\/2023\/09\/Ed046capa.png 400w, https:\/\/jornaloarauto.com.br\/wp-content\/uploads\/2023\/09\/Ed046capa-265x300.png 265w, https:\/\/jornaloarauto.com.br\/wp-content\/uploads\/2023\/09\/Ed046capa-53x60.png 53w\" sizes=\"(max-width: 274px) 100vw, 274px\" \/><\/figure>\n\n\n\n<p class=\"has-text-align-center\"><a href=\"https:\/\/jornaloarauto.com.br\/wp-content\/uploads\/2023\/09\/Ed046.pdf\" data-type=\"attachment\" data-id=\"121\">Baixe o pdf aqui<\/a><\/p>\n<\/div>\n<\/div>\n\n\n\n<div class=\"wp-block-columns is-layout-flex wp-container-core-columns-is-layout-9d6595d7 wp-block-columns-is-layout-flex\">\n<div class=\"wp-block-column is-layout-flow wp-block-column-is-layout-flow\">\n<p class=\"has-text-align-center\">Edi\u00e7\u00e3o 47 &#8211; Outubro<\/p>\n\n\n\n<figure class=\"wp-block-image size-full is-resized\"><img decoding=\"async\" src=\"https:\/\/jornaloarauto.com.br\/wp-content\/uploads\/2023\/09\/Ed047capa.png\" alt=\"\" class=\"wp-image-214\" style=\"width:274px;height:310px\" width=\"274\" height=\"310\" title=\"\" srcset=\"https:\/\/jornaloarauto.com.br\/wp-content\/uploads\/2023\/09\/Ed047capa.png 400w, https:\/\/jornaloarauto.com.br\/wp-content\/uploads\/2023\/09\/Ed047capa-265x300.png 265w, https:\/\/jornaloarauto.com.br\/wp-content\/uploads\/2023\/09\/Ed047capa-53x60.png 53w\" sizes=\"(max-width: 274px) 100vw, 274px\" \/><\/figure>\n\n\n\n<p class=\"has-text-align-center\"><a href=\"https:\/\/jornaloarauto.com.br\/wp-content\/uploads\/2023\/09\/Ed047.pdf\" data-type=\"attachment\" data-id=\"122\">Baixe o pdf aqui<\/a><\/p>\n<\/div>\n\n\n\n<div class=\"wp-block-column is-layout-flow wp-block-column-is-layout-flow\">\n<p class=\"has-text-align-center\">Edi\u00e7\u00e3o 48 &#8211; Novembro<\/p>\n\n\n\n<figure class=\"wp-block-image size-full is-resized\"><img decoding=\"async\" src=\"https:\/\/jornaloarauto.com.br\/wp-content\/uploads\/2023\/09\/Ed048capa.png\" alt=\"\" class=\"wp-image-215\" style=\"width:274px;height:310px\" width=\"274\" height=\"310\" title=\"\" srcset=\"https:\/\/jornaloarauto.com.br\/wp-content\/uploads\/2023\/09\/Ed048capa.png 400w, https:\/\/jornaloarauto.com.br\/wp-content\/uploads\/2023\/09\/Ed048capa-265x300.png 265w, https:\/\/jornaloarauto.com.br\/wp-content\/uploads\/2023\/09\/Ed048capa-53x60.png 53w\" sizes=\"(max-width: 274px) 100vw, 274px\" \/><\/figure>\n\n\n\n<p class=\"has-text-align-center\"><a href=\"https:\/\/jornaloarauto.com.br\/wp-content\/uploads\/2023\/09\/Ed048.pdf\" data-type=\"attachment\" data-id=\"123\">Baixe o pdf aqui<\/a><\/p>\n<\/div>\n\n\n\n<div class=\"wp-block-column is-layout-flow wp-block-column-is-layout-flow\">\n<p class=\"has-text-align-center\">Edi\u00e7\u00e3o 49 &#8211; Dezembro<\/p>\n\n\n\n<figure class=\"wp-block-image size-full is-resized\"><img decoding=\"async\" src=\"https:\/\/jornaloarauto.com.br\/wp-content\/uploads\/2023\/09\/Ed049capa.png\" alt=\"\" class=\"wp-image-216\" style=\"width:274px;height:310px\" width=\"274\" height=\"310\" title=\"\" srcset=\"https:\/\/jornaloarauto.com.br\/wp-content\/uploads\/2023\/09\/Ed049capa.png 400w, https:\/\/jornaloarauto.com.br\/wp-content\/uploads\/2023\/09\/Ed049capa-265x300.png 265w, https:\/\/jornaloarauto.com.br\/wp-content\/uploads\/2023\/09\/Ed049capa-53x60.png 53w\" sizes=\"(max-width: 274px) 100vw, 274px\" \/><\/figure>\n\n\n\n<p class=\"has-text-align-center\"><a href=\"https:\/\/jornaloarauto.com.br\/wp-content\/uploads\/2023\/09\/Ed049.pdf\" data-type=\"attachment\" data-id=\"124\">Baixe o pdf aqui<\/a><\/p>\n<\/div>\n<\/div>\n","protected":false},"excerpt":{"rendered":"<p>Edi\u00e7\u00e3o 38 &#8211; Janeiro Baixe o pdf aqui Edi\u00e7\u00e3o 39 &#8211; Fevereiro Baixe o pdf aqui Edi\u00e7\u00e3o 40 &#8211; Mar\u00e7o Baixe o pdf aqui Edi\u00e7\u00e3o 41 &#8211; Abril Baixe o pdf aqui Edi\u00e7\u00e3o 42 &#8211; Maio Baixe o pdf aqui Edi\u00e7\u00e3o 43 &#8211; Junho Baixe o pdf aqui Edi\u00e7\u00e3o 44 &#8211; Julho Baixe o pdf&#8230;<\/p>\n","protected":false},"author":1,"featured_media":0,"parent":0,"menu_order":0,"comment_status":"closed","ping_status":"closed","template":"","meta":{"footnotes":""},"class_list":["post-240","page","type-page","status-publish","hentry"],"_links":{"self":[{"href":"https:\/\/jornaloarauto.com.br\/index.php\/wp-json\/wp\/v2\/pages\/240","targetHints":{"allow":["GET"]}}],"collection":[{"href":"https:\/\/jornaloarauto.com.br\/index.php\/wp-json\/wp\/v2\/pages"}],"about":[{"href":"https:\/\/jornaloarauto.com.br\/index.php\/wp-json\/wp\/v2\/types\/page"}],"author":[{"embeddable":true,"href":"https:\/\/jornaloarauto.com.br\/index.php\/wp-json\/wp\/v2\/users\/1"}],"replies":[{"embeddable":true,"href":"https:\/\/jornaloarauto.com.br\/index.php\/wp-json\/wp\/v2\/comments?post=240"}],"version-history":[{"count":0,"href":"https:\/\/jornaloarauto.com.br\/index.php\/wp-json\/wp\/v2\/pages\/240\/revisions"}],"wp:attachment":[{"href":"https:\/\/jornaloarauto.com.br\/index.php\/wp-json\/wp\/v2\/media?parent=240"}],"curies":[{"name":"wp","href":"https:\/\/api.w.org\/{rel}","templated":true}]}}