{"id":243,"date":"2023-09-18T19:43:28","date_gmt":"2023-09-18T22:43:28","guid":{"rendered":"https:\/\/jornaloarauto.com.br\/?page_id=243"},"modified":"2023-09-18T19:46:01","modified_gmt":"2023-09-18T22:46:01","slug":"2022-2","status":"publish","type":"page","link":"https:\/\/jornaloarauto.com.br\/index.php\/2022-2\/","title":{"rendered":"2022"},"content":{"rendered":"\n<div class=\"wp-block-columns is-layout-flex wp-container-core-columns-is-layout-9d6595d7 wp-block-columns-is-layout-flex\">\n<div class=\"wp-block-column is-layout-flow wp-block-column-is-layout-flow\">\n<p class=\"has-text-align-center\">Edi\u00e7\u00e3o 50 &#8211; Janeiro<\/p>\n\n\n\n<figure class=\"wp-block-image size-full is-resized\"><img decoding=\"async\" src=\"https:\/\/jornaloarauto.com.br\/wp-content\/uploads\/2023\/09\/Ed050capa.png\" alt=\"\" class=\"wp-image-217\" style=\"width:274px;height:310px\" width=\"274\" height=\"310\" title=\"\" srcset=\"https:\/\/jornaloarauto.com.br\/wp-content\/uploads\/2023\/09\/Ed050capa.png 400w, https:\/\/jornaloarauto.com.br\/wp-content\/uploads\/2023\/09\/Ed050capa-265x300.png 265w, https:\/\/jornaloarauto.com.br\/wp-content\/uploads\/2023\/09\/Ed050capa-53x60.png 53w\" sizes=\"(max-width: 274px) 100vw, 274px\" \/><\/figure>\n\n\n\n<p class=\"has-text-align-center\"><a href=\"https:\/\/jornaloarauto.com.br\/wp-content\/uploads\/2023\/09\/Ed050.pdf\" data-type=\"attachment\" data-id=\"125\">Baixe o pdf aqui<\/a><\/p>\n<\/div>\n\n\n\n<div class=\"wp-block-column is-layout-flow wp-block-column-is-layout-flow\">\n<p class=\"has-text-align-center\">Edi\u00e7\u00e3o 51 &#8211; Fevereiro<\/p>\n\n\n\n<figure class=\"wp-block-image size-full\"><img decoding=\"async\" width=\"400\" height=\"453\" src=\"https:\/\/jornaloarauto.com.br\/wp-content\/uploads\/2023\/09\/Ed051capa.png\" alt=\"\" class=\"wp-image-218\" title=\"\" srcset=\"https:\/\/jornaloarauto.com.br\/wp-content\/uploads\/2023\/09\/Ed051capa.png 400w, https:\/\/jornaloarauto.com.br\/wp-content\/uploads\/2023\/09\/Ed051capa-265x300.png 265w, https:\/\/jornaloarauto.com.br\/wp-content\/uploads\/2023\/09\/Ed051capa-53x60.png 53w\" sizes=\"(max-width: 400px) 100vw, 400px\" \/><\/figure>\n\n\n\n<p class=\"has-text-align-center\"><a href=\"https:\/\/jornaloarauto.com.br\/wp-content\/uploads\/2023\/09\/Ed051.pdf\" data-type=\"attachment\" data-id=\"126\">Baixe o pdf aqui<\/a><\/p>\n<\/div>\n\n\n\n<div class=\"wp-block-column is-layout-flow wp-block-column-is-layout-flow\">\n<p class=\"has-text-align-center\">Edi\u00e7\u00e3o 52 &#8211; Mar\u00e7o<\/p>\n\n\n\n<figure class=\"wp-block-image size-full is-resized\"><img decoding=\"async\" src=\"https:\/\/jornaloarauto.com.br\/wp-content\/uploads\/2023\/09\/Ed052capa.png\" alt=\"\" class=\"wp-image-219\" style=\"width:274px;height:310px\" width=\"274\" height=\"310\" title=\"\" srcset=\"https:\/\/jornaloarauto.com.br\/wp-content\/uploads\/2023\/09\/Ed052capa.png 400w, https:\/\/jornaloarauto.com.br\/wp-content\/uploads\/2023\/09\/Ed052capa-265x300.png 265w, https:\/\/jornaloarauto.com.br\/wp-content\/uploads\/2023\/09\/Ed052capa-53x60.png 53w\" sizes=\"(max-width: 274px) 100vw, 274px\" \/><\/figure>\n\n\n\n<p class=\"has-text-align-center\"><a href=\"https:\/\/jornaloarauto.com.br\/wp-content\/uploads\/2023\/09\/Ed052.pdf\" data-type=\"attachment\" data-id=\"127\">Baixe o pdf aqui<\/a><\/p>\n<\/div>\n<\/div>\n\n\n\n<div class=\"wp-block-columns is-layout-flex wp-container-core-columns-is-layout-9d6595d7 wp-block-columns-is-layout-flex\">\n<div class=\"wp-block-column is-layout-flow wp-block-column-is-layout-flow\">\n<p class=\"has-text-align-center\">Edi\u00e7\u00e3o 53 &#8211; Abril<\/p>\n\n\n\n<figure class=\"wp-block-image size-full is-resized\"><img decoding=\"async\" src=\"https:\/\/jornaloarauto.com.br\/wp-content\/uploads\/2023\/09\/Ed053capa.png\" alt=\"\" class=\"wp-image-220\" style=\"width:274px;height:310px\" width=\"274\" height=\"310\" title=\"\" srcset=\"https:\/\/jornaloarauto.com.br\/wp-content\/uploads\/2023\/09\/Ed053capa.png 400w, https:\/\/jornaloarauto.com.br\/wp-content\/uploads\/2023\/09\/Ed053capa-265x300.png 265w, https:\/\/jornaloarauto.com.br\/wp-content\/uploads\/2023\/09\/Ed053capa-53x60.png 53w\" sizes=\"(max-width: 274px) 100vw, 274px\" \/><\/figure>\n\n\n\n<p class=\"has-text-align-center\"><a href=\"https:\/\/jornaloarauto.com.br\/wp-content\/uploads\/2023\/09\/Ed053.pdf\" data-type=\"attachment\" data-id=\"128\">Baixe o pdf aqui<\/a><\/p>\n<\/div>\n\n\n\n<div class=\"wp-block-column is-layout-flow wp-block-column-is-layout-flow\">\n<p class=\"has-text-align-center\">Edi\u00e7\u00e3o 54 &#8211; Maio<\/p>\n\n\n\n<figure class=\"wp-block-image size-full is-resized\"><img decoding=\"async\" src=\"https:\/\/jornaloarauto.com.br\/wp-content\/uploads\/2023\/09\/Ed054capa.png\" alt=\"\" class=\"wp-image-221\" style=\"width:274px;height:310px\" width=\"274\" height=\"310\" title=\"\" srcset=\"https:\/\/jornaloarauto.com.br\/wp-content\/uploads\/2023\/09\/Ed054capa.png 400w, https:\/\/jornaloarauto.com.br\/wp-content\/uploads\/2023\/09\/Ed054capa-265x300.png 265w, https:\/\/jornaloarauto.com.br\/wp-content\/uploads\/2023\/09\/Ed054capa-53x60.png 53w\" sizes=\"(max-width: 274px) 100vw, 274px\" \/><\/figure>\n\n\n\n<p class=\"has-text-align-center\"><a href=\"https:\/\/jornaloarauto.com.br\/wp-content\/uploads\/2023\/09\/Ed054.pdf\" data-type=\"attachment\" data-id=\"129\">Baixe o pdf aqui<\/a><\/p>\n<\/div>\n\n\n\n<div class=\"wp-block-column is-layout-flow wp-block-column-is-layout-flow\">\n<p class=\"has-text-align-center\">Edi\u00e7\u00e3o 55 &#8211; Junho<\/p>\n\n\n\n<figure class=\"wp-block-image size-full is-resized\"><img decoding=\"async\" src=\"https:\/\/jornaloarauto.com.br\/wp-content\/uploads\/2023\/09\/Ed055capa.png\" alt=\"\" class=\"wp-image-222\" style=\"width:274px;height:310px\" width=\"274\" height=\"310\" title=\"\" srcset=\"https:\/\/jornaloarauto.com.br\/wp-content\/uploads\/2023\/09\/Ed055capa.png 400w, https:\/\/jornaloarauto.com.br\/wp-content\/uploads\/2023\/09\/Ed055capa-265x300.png 265w, https:\/\/jornaloarauto.com.br\/wp-content\/uploads\/2023\/09\/Ed055capa-53x60.png 53w\" sizes=\"(max-width: 274px) 100vw, 274px\" \/><\/figure>\n\n\n\n<p class=\"has-text-align-center\"><a href=\"https:\/\/jornaloarauto.com.br\/wp-content\/uploads\/2023\/09\/Ed055.pdf\" data-type=\"attachment\" data-id=\"130\">Baixe o pdf aqui<\/a><\/p>\n<\/div>\n<\/div>\n\n\n\n<div class=\"wp-block-columns is-layout-flex wp-container-core-columns-is-layout-9d6595d7 wp-block-columns-is-layout-flex\">\n<div class=\"wp-block-column is-layout-flow wp-block-column-is-layout-flow\">\n<p class=\"has-text-align-center\">Edi\u00e7\u00e3o 56 &#8211; Julho<\/p>\n\n\n\n<figure class=\"wp-block-image size-full is-resized\"><img decoding=\"async\" src=\"https:\/\/jornaloarauto.com.br\/wp-content\/uploads\/2023\/09\/Ed056capa.png\" alt=\"\" class=\"wp-image-223\" style=\"width:274px;height:313px\" width=\"274\" height=\"313\" title=\"\" srcset=\"https:\/\/jornaloarauto.com.br\/wp-content\/uploads\/2023\/09\/Ed056capa.png 400w, https:\/\/jornaloarauto.com.br\/wp-content\/uploads\/2023\/09\/Ed056capa-263x300.png 263w, https:\/\/jornaloarauto.com.br\/wp-content\/uploads\/2023\/09\/Ed056capa-53x60.png 53w\" sizes=\"(max-width: 274px) 100vw, 274px\" \/><\/figure>\n\n\n\n<p class=\"has-text-align-center\"><a href=\"https:\/\/jornaloarauto.com.br\/wp-content\/uploads\/2023\/09\/Ed056.pdf\" data-type=\"attachment\" data-id=\"131\">Baixe o pdf aqui<\/a><\/p>\n<\/div>\n\n\n\n<div class=\"wp-block-column is-layout-flow wp-block-column-is-layout-flow\">\n<p class=\"has-text-align-center\">Edi\u00e7\u00e3o 57 &#8211; Agosto<\/p>\n\n\n\n<figure class=\"wp-block-image size-full is-resized\"><img decoding=\"async\" src=\"https:\/\/jornaloarauto.com.br\/wp-content\/uploads\/2023\/09\/Ed057capa.png\" alt=\"\" class=\"wp-image-224\" style=\"width:274px;height:313px\" width=\"274\" height=\"313\" title=\"\" srcset=\"https:\/\/jornaloarauto.com.br\/wp-content\/uploads\/2023\/09\/Ed057capa.png 400w, https:\/\/jornaloarauto.com.br\/wp-content\/uploads\/2023\/09\/Ed057capa-263x300.png 263w, https:\/\/jornaloarauto.com.br\/wp-content\/uploads\/2023\/09\/Ed057capa-53x60.png 53w\" sizes=\"(max-width: 274px) 100vw, 274px\" \/><\/figure>\n\n\n\n<p class=\"has-text-align-center\"><a href=\"https:\/\/jornaloarauto.com.br\/wp-content\/uploads\/2023\/09\/Ed057.pdf\" data-type=\"attachment\" data-id=\"132\">Baixe o pdf aqui<\/a><\/p>\n<\/div>\n\n\n\n<div class=\"wp-block-column is-layout-flow wp-block-column-is-layout-flow\">\n<p class=\"has-text-align-center\">Edi\u00e7\u00e3o 58 &#8211; Setembro<\/p>\n\n\n\n<figure class=\"wp-block-image size-full is-resized\"><img decoding=\"async\" src=\"https:\/\/jornaloarauto.com.br\/wp-content\/uploads\/2023\/09\/Ed058capa.png\" alt=\"\" class=\"wp-image-166\" style=\"width:274px;height:313px\" width=\"274\" height=\"313\" title=\"\" srcset=\"https:\/\/jornaloarauto.com.br\/wp-content\/uploads\/2023\/09\/Ed058capa.png 400w, https:\/\/jornaloarauto.com.br\/wp-content\/uploads\/2023\/09\/Ed058capa-263x300.png 263w, https:\/\/jornaloarauto.com.br\/wp-content\/uploads\/2023\/09\/Ed058capa-53x60.png 53w\" sizes=\"(max-width: 274px) 100vw, 274px\" \/><\/figure>\n\n\n\n<p class=\"has-text-align-center\"><a href=\"https:\/\/jornaloarauto.com.br\/wp-content\/uploads\/2023\/09\/Ed058.pdf\" data-type=\"attachment\" data-id=\"133\">Baixe o pdf aqui<\/a><\/p>\n<\/div>\n<\/div>\n\n\n\n<div class=\"wp-block-columns is-layout-flex wp-container-core-columns-is-layout-9d6595d7 wp-block-columns-is-layout-flex\">\n<div class=\"wp-block-column is-layout-flow wp-block-column-is-layout-flow\">\n<p class=\"has-text-align-center\">Edi\u00e7\u00e3o 59 &#8211; Outubro<\/p>\n\n\n\n<figure class=\"wp-block-image size-full is-resized\"><img decoding=\"async\" src=\"https:\/\/jornaloarauto.com.br\/wp-content\/uploads\/2023\/09\/Ed059capa.png\" alt=\"\" class=\"wp-image-167\" style=\"width:274px;height:313px\" width=\"274\" height=\"313\" title=\"\" srcset=\"https:\/\/jornaloarauto.com.br\/wp-content\/uploads\/2023\/09\/Ed059capa.png 400w, https:\/\/jornaloarauto.com.br\/wp-content\/uploads\/2023\/09\/Ed059capa-263x300.png 263w, https:\/\/jornaloarauto.com.br\/wp-content\/uploads\/2023\/09\/Ed059capa-53x60.png 53w\" sizes=\"(max-width: 274px) 100vw, 274px\" \/><\/figure>\n\n\n\n<p class=\"has-text-align-center\"><a href=\"https:\/\/jornaloarauto.com.br\/wp-content\/uploads\/2023\/09\/Ed059.pdf\" data-type=\"attachment\" data-id=\"134\">Baixe o pdf aqui<\/a><\/p>\n<\/div>\n\n\n\n<div class=\"wp-block-column is-layout-flow wp-block-column-is-layout-flow\">\n<p class=\"has-text-align-center\">Edi\u00e7\u00e3o 60 &#8211; Novembro<\/p>\n\n\n\n<figure class=\"wp-block-image size-full is-resized\"><img decoding=\"async\" src=\"https:\/\/jornaloarauto.com.br\/wp-content\/uploads\/2023\/09\/Ed060capa.png\" alt=\"\" class=\"wp-image-168\" style=\"width:274px;height:313px\" width=\"274\" height=\"313\" title=\"\" srcset=\"https:\/\/jornaloarauto.com.br\/wp-content\/uploads\/2023\/09\/Ed060capa.png 400w, https:\/\/jornaloarauto.com.br\/wp-content\/uploads\/2023\/09\/Ed060capa-263x300.png 263w, https:\/\/jornaloarauto.com.br\/wp-content\/uploads\/2023\/09\/Ed060capa-53x60.png 53w\" sizes=\"(max-width: 274px) 100vw, 274px\" \/><\/figure>\n\n\n\n<p class=\"has-text-align-center\"><a href=\"https:\/\/jornaloarauto.com.br\/wp-content\/uploads\/2023\/09\/Ed060.pdf\" data-type=\"attachment\" data-id=\"135\">Baixe o pdf aqui<\/a><\/p>\n<\/div>\n\n\n\n<div class=\"wp-block-column is-layout-flow wp-block-column-is-layout-flow\">\n<p class=\"has-text-align-center\">Edi\u00e7\u00e3o 61 &#8211; Dezembro<\/p>\n\n\n\n<figure class=\"wp-block-image size-full is-resized\"><img decoding=\"async\" src=\"https:\/\/jornaloarauto.com.br\/wp-content\/uploads\/2023\/09\/Ed061capa.png\" alt=\"\" class=\"wp-image-169\" style=\"width:274px;height:313px\" width=\"274\" height=\"313\" title=\"\" srcset=\"https:\/\/jornaloarauto.com.br\/wp-content\/uploads\/2023\/09\/Ed061capa.png 400w, https:\/\/jornaloarauto.com.br\/wp-content\/uploads\/2023\/09\/Ed061capa-263x300.png 263w, https:\/\/jornaloarauto.com.br\/wp-content\/uploads\/2023\/09\/Ed061capa-53x60.png 53w\" sizes=\"(max-width: 274px) 100vw, 274px\" \/><\/figure>\n\n\n\n<p class=\"has-text-align-center\"><a href=\"https:\/\/jornaloarauto.com.br\/wp-content\/uploads\/2023\/09\/Ed061.pdf\" data-type=\"attachment\" data-id=\"136\">Baixe o pdf aqui<\/a><\/p>\n<\/div>\n<\/div>\n","protected":false},"excerpt":{"rendered":"<p>Edi\u00e7\u00e3o 50 &#8211; Janeiro Baixe o pdf aqui Edi\u00e7\u00e3o 51 &#8211; Fevereiro Baixe o pdf aqui Edi\u00e7\u00e3o 52 &#8211; Mar\u00e7o Baixe o pdf aqui Edi\u00e7\u00e3o 53 &#8211; Abril Baixe o pdf aqui Edi\u00e7\u00e3o 54 &#8211; Maio Baixe o pdf aqui Edi\u00e7\u00e3o 55 &#8211; Junho Baixe o pdf aqui Edi\u00e7\u00e3o 56 &#8211; Julho Baixe o pdf&#8230;<\/p>\n","protected":false},"author":1,"featured_media":0,"parent":0,"menu_order":0,"comment_status":"closed","ping_status":"closed","template":"","meta":{"footnotes":""},"class_list":["post-243","page","type-page","status-publish","hentry"],"_links":{"self":[{"href":"https:\/\/jornaloarauto.com.br\/index.php\/wp-json\/wp\/v2\/pages\/243","targetHints":{"allow":["GET"]}}],"collection":[{"href":"https:\/\/jornaloarauto.com.br\/index.php\/wp-json\/wp\/v2\/pages"}],"about":[{"href":"https:\/\/jornaloarauto.com.br\/index.php\/wp-json\/wp\/v2\/types\/page"}],"author":[{"embeddable":true,"href":"https:\/\/jornaloarauto.com.br\/index.php\/wp-json\/wp\/v2\/users\/1"}],"replies":[{"embeddable":true,"href":"https:\/\/jornaloarauto.com.br\/index.php\/wp-json\/wp\/v2\/comments?post=243"}],"version-history":[{"count":0,"href":"https:\/\/jornaloarauto.com.br\/index.php\/wp-json\/wp\/v2\/pages\/243\/revisions"}],"wp:attachment":[{"href":"https:\/\/jornaloarauto.com.br\/index.php\/wp-json\/wp\/v2\/media?parent=243"}],"curies":[{"name":"wp","href":"https:\/\/api.w.org\/{rel}","templated":true}]}}