{"id":248,"date":"2023-09-18T19:54:48","date_gmt":"2023-09-18T22:54:48","guid":{"rendered":"https:\/\/jornaloarauto.com.br\/?page_id=248"},"modified":"2023-12-23T09:11:37","modified_gmt":"2023-12-23T12:11:37","slug":"2023-2","status":"publish","type":"page","link":"https:\/\/jornaloarauto.com.br\/index.php\/2023-2\/","title":{"rendered":"2023"},"content":{"rendered":"\n<div class=\"wp-block-columns is-layout-flex wp-container-core-columns-is-layout-9d6595d7 wp-block-columns-is-layout-flex\">\n<div class=\"wp-block-column is-layout-flow wp-block-column-is-layout-flow\">\n<p class=\"has-text-align-center\">Edi\u00e7\u00e3o 62 &#8211; Janeiro<\/p>\n\n\n\n<figure class=\"wp-block-image size-full is-resized\"><img decoding=\"async\" width=\"400\" height=\"453\" src=\"https:\/\/jornaloarauto.com.br\/wp-content\/uploads\/2023\/09\/Ed062capa.png\" alt=\"\" class=\"wp-image-170\" style=\"width:274px;height:310px\" title=\"\" srcset=\"https:\/\/jornaloarauto.com.br\/wp-content\/uploads\/2023\/09\/Ed062capa.png 400w, https:\/\/jornaloarauto.com.br\/wp-content\/uploads\/2023\/09\/Ed062capa-265x300.png 265w, https:\/\/jornaloarauto.com.br\/wp-content\/uploads\/2023\/09\/Ed062capa-53x60.png 53w\" sizes=\"(max-width: 400px) 100vw, 400px\" \/><\/figure>\n\n\n\n<p class=\"has-text-align-center\"><a href=\"https:\/\/jornaloarauto.com.br\/wp-content\/uploads\/2023\/09\/Ed062.pdf\" data-type=\"attachment\" data-id=\"137\">Baixe o pdf aqui<\/a><\/p>\n<\/div>\n\n\n\n<div class=\"wp-block-column is-layout-flow wp-block-column-is-layout-flow\">\n<p class=\"has-text-align-center\">Edi\u00e7\u00e3o 63 &#8211; Fevereiro<\/p>\n\n\n\n<figure class=\"wp-block-image size-full is-resized\"><img decoding=\"async\" width=\"400\" height=\"457\" src=\"https:\/\/jornaloarauto.com.br\/wp-content\/uploads\/2023\/09\/Ed063capa.png\" alt=\"\" class=\"wp-image-171\" style=\"width:274px;height:313px\" title=\"\" srcset=\"https:\/\/jornaloarauto.com.br\/wp-content\/uploads\/2023\/09\/Ed063capa.png 400w, https:\/\/jornaloarauto.com.br\/wp-content\/uploads\/2023\/09\/Ed063capa-263x300.png 263w, https:\/\/jornaloarauto.com.br\/wp-content\/uploads\/2023\/09\/Ed063capa-53x60.png 53w\" sizes=\"(max-width: 400px) 100vw, 400px\" \/><\/figure>\n\n\n\n<p class=\"has-text-align-center\"><a href=\"https:\/\/jornaloarauto.com.br\/wp-content\/uploads\/2023\/09\/Ed063.pdf\" data-type=\"attachment\" data-id=\"138\">Baixe o pdf aqui<\/a><\/p>\n<\/div>\n\n\n\n<div class=\"wp-block-column is-layout-flow wp-block-column-is-layout-flow\">\n<p class=\"has-text-align-center\">Edi\u00e7\u00e3o 64 &#8211; Mar\u00e7o<\/p>\n\n\n\n<figure class=\"wp-block-image size-full is-resized\"><img decoding=\"async\" width=\"400\" height=\"451\" src=\"https:\/\/jornaloarauto.com.br\/wp-content\/uploads\/2023\/09\/Ed064capa.png\" alt=\"\" class=\"wp-image-172\" style=\"width:274px;height:309px\" title=\"\" srcset=\"https:\/\/jornaloarauto.com.br\/wp-content\/uploads\/2023\/09\/Ed064capa.png 400w, https:\/\/jornaloarauto.com.br\/wp-content\/uploads\/2023\/09\/Ed064capa-266x300.png 266w, https:\/\/jornaloarauto.com.br\/wp-content\/uploads\/2023\/09\/Ed064capa-53x60.png 53w\" sizes=\"(max-width: 400px) 100vw, 400px\" \/><\/figure>\n\n\n\n<p class=\"has-text-align-center\"><a href=\"https:\/\/jornaloarauto.com.br\/wp-content\/uploads\/2023\/09\/Ed064.pdf\" data-type=\"attachment\" data-id=\"139\">Baixe o pdf aqui<\/a><\/p>\n<\/div>\n<\/div>\n\n\n\n<div class=\"wp-block-columns is-layout-flex wp-container-core-columns-is-layout-9d6595d7 wp-block-columns-is-layout-flex\">\n<div class=\"wp-block-column is-layout-flow wp-block-column-is-layout-flow\">\n<p class=\"has-text-align-center\">Edi\u00e7\u00e3o 65 &#8211; Abril<\/p>\n\n\n\n<figure class=\"wp-block-image size-full is-resized\"><img decoding=\"async\" width=\"400\" height=\"457\" src=\"https:\/\/jornaloarauto.com.br\/wp-content\/uploads\/2023\/09\/Ed065capa.png\" alt=\"\" class=\"wp-image-173\" style=\"width:274px;height:313px\" title=\"\" srcset=\"https:\/\/jornaloarauto.com.br\/wp-content\/uploads\/2023\/09\/Ed065capa.png 400w, https:\/\/jornaloarauto.com.br\/wp-content\/uploads\/2023\/09\/Ed065capa-263x300.png 263w, https:\/\/jornaloarauto.com.br\/wp-content\/uploads\/2023\/09\/Ed065capa-53x60.png 53w\" sizes=\"(max-width: 400px) 100vw, 400px\" \/><\/figure>\n\n\n\n<p class=\"has-text-align-center\"><a href=\"https:\/\/jornaloarauto.com.br\/wp-content\/uploads\/2023\/09\/Ed065.pdf\" data-type=\"attachment\" data-id=\"140\">Baixe o pdf aqui<\/a><\/p>\n<\/div>\n\n\n\n<div class=\"wp-block-column is-layout-flow wp-block-column-is-layout-flow\">\n<p class=\"has-text-align-center\">Edi\u00e7\u00e3o 66 &#8211; Maio<\/p>\n\n\n\n<figure class=\"wp-block-image size-full is-resized\"><img decoding=\"async\" width=\"400\" height=\"457\" src=\"https:\/\/jornaloarauto.com.br\/wp-content\/uploads\/2023\/09\/Ed066capa.png\" alt=\"\" class=\"wp-image-174\" style=\"width:274px;height:313px\" title=\"\" srcset=\"https:\/\/jornaloarauto.com.br\/wp-content\/uploads\/2023\/09\/Ed066capa.png 400w, https:\/\/jornaloarauto.com.br\/wp-content\/uploads\/2023\/09\/Ed066capa-263x300.png 263w, https:\/\/jornaloarauto.com.br\/wp-content\/uploads\/2023\/09\/Ed066capa-53x60.png 53w\" sizes=\"(max-width: 400px) 100vw, 400px\" \/><\/figure>\n\n\n\n<p class=\"has-text-align-center\"><a href=\"https:\/\/jornaloarauto.com.br\/wp-content\/uploads\/2023\/09\/Ed066.pdf\" data-type=\"attachment\" data-id=\"141\">Baixe o pdf aqui<\/a><\/p>\n<\/div>\n\n\n\n<div class=\"wp-block-column is-layout-flow wp-block-column-is-layout-flow\">\n<p class=\"has-text-align-center\">Edi\u00e7\u00e3o 67 &#8211; Junho<\/p>\n\n\n\n<figure class=\"wp-block-image size-full is-resized\"><img decoding=\"async\" width=\"400\" height=\"457\" src=\"https:\/\/jornaloarauto.com.br\/wp-content\/uploads\/2023\/09\/Ed067capa.png\" alt=\"\" class=\"wp-image-175\" style=\"width:274px;height:313px\" title=\"\" srcset=\"https:\/\/jornaloarauto.com.br\/wp-content\/uploads\/2023\/09\/Ed067capa.png 400w, https:\/\/jornaloarauto.com.br\/wp-content\/uploads\/2023\/09\/Ed067capa-263x300.png 263w, https:\/\/jornaloarauto.com.br\/wp-content\/uploads\/2023\/09\/Ed067capa-53x60.png 53w\" sizes=\"(max-width: 400px) 100vw, 400px\" \/><\/figure>\n\n\n\n<p class=\"has-text-align-center\"><a href=\"https:\/\/jornaloarauto.com.br\/wp-content\/uploads\/2023\/09\/Ed067.pdf\" data-type=\"attachment\" data-id=\"142\">Baixe o pdf aqui<\/a><\/p>\n<\/div>\n<\/div>\n\n\n\n<div class=\"wp-block-columns is-layout-flex wp-container-core-columns-is-layout-9d6595d7 wp-block-columns-is-layout-flex\">\n<div class=\"wp-block-column is-layout-flow wp-block-column-is-layout-flow\">\n<p class=\"has-text-align-center\">Edi\u00e7\u00e3o 68 &#8211; Julho<\/p>\n\n\n\n<figure class=\"wp-block-image size-full\"><img decoding=\"async\" width=\"400\" height=\"457\" src=\"https:\/\/jornaloarauto.com.br\/wp-content\/uploads\/2023\/09\/Ed068capa.png\" alt=\"\" class=\"wp-image-176\" title=\"\" srcset=\"https:\/\/jornaloarauto.com.br\/wp-content\/uploads\/2023\/09\/Ed068capa.png 400w, https:\/\/jornaloarauto.com.br\/wp-content\/uploads\/2023\/09\/Ed068capa-263x300.png 263w, https:\/\/jornaloarauto.com.br\/wp-content\/uploads\/2023\/09\/Ed068capa-53x60.png 53w\" sizes=\"(max-width: 400px) 100vw, 400px\" \/><\/figure>\n\n\n\n<p class=\"has-text-align-center\"><a href=\"https:\/\/jornaloarauto.com.br\/wp-content\/uploads\/2023\/09\/Ed068.pdf\" data-type=\"attachment\" data-id=\"143\">Baixe o pdf aqui<\/a><\/p>\n<\/div>\n\n\n\n<div class=\"wp-block-column is-layout-flow wp-block-column-is-layout-flow\">\n<p class=\"has-text-align-center\">Edi\u00e7\u00e3o 69 &#8211; Agosto<\/p>\n\n\n\n<figure class=\"wp-block-image size-full is-resized\"><img decoding=\"async\" width=\"400\" height=\"457\" src=\"https:\/\/jornaloarauto.com.br\/wp-content\/uploads\/2023\/09\/Ed069capa.png\" alt=\"\" class=\"wp-image-177\" style=\"width:274px;height:313px\" title=\"\" srcset=\"https:\/\/jornaloarauto.com.br\/wp-content\/uploads\/2023\/09\/Ed069capa.png 400w, https:\/\/jornaloarauto.com.br\/wp-content\/uploads\/2023\/09\/Ed069capa-263x300.png 263w, https:\/\/jornaloarauto.com.br\/wp-content\/uploads\/2023\/09\/Ed069capa-53x60.png 53w\" sizes=\"(max-width: 400px) 100vw, 400px\" \/><\/figure>\n\n\n\n<p class=\"has-text-align-center\"><a href=\"https:\/\/jornaloarauto.com.br\/wp-content\/uploads\/2023\/09\/Ed069.pdf\" data-type=\"attachment\" data-id=\"144\">Baixe o pdf aqui<\/a><\/p>\n<\/div>\n\n\n\n<div class=\"wp-block-column is-layout-flow wp-block-column-is-layout-flow\">\n<p class=\"has-text-align-center\">Edi\u00e7\u00e3o 70 &#8211; Setembro<\/p>\n\n\n\n<figure class=\"wp-block-image size-full is-resized\"><img decoding=\"async\" width=\"400\" height=\"457\" src=\"https:\/\/jornaloarauto.com.br\/wp-content\/uploads\/2023\/09\/Ed070capa.png\" alt=\"\" class=\"wp-image-407\" style=\"width:274px;height:313px\" title=\"\" srcset=\"https:\/\/jornaloarauto.com.br\/wp-content\/uploads\/2023\/09\/Ed070capa.png 400w, https:\/\/jornaloarauto.com.br\/wp-content\/uploads\/2023\/09\/Ed070capa-263x300.png 263w\" sizes=\"(max-width: 400px) 100vw, 400px\" \/><\/figure>\n\n\n\n<p class=\"has-text-align-center\"><a href=\"https:\/\/jornaloarauto.com.br\/wp-content\/uploads\/2023\/09\/Ed070.pdf\" data-type=\"attachment\" data-id=\"411\">Baixe o pdf aqui<\/a><\/p>\n<\/div>\n<\/div>\n\n\n\n<div class=\"wp-block-columns is-layout-flex wp-container-core-columns-is-layout-9d6595d7 wp-block-columns-is-layout-flex\">\n<div class=\"wp-block-column is-layout-flow wp-block-column-is-layout-flow\">\n<p class=\"has-text-align-center\">Edi\u00e7\u00e3o 71 &#8211; Outubro<\/p>\n\n\n\n<figure class=\"wp-block-image size-full is-resized\"><img decoding=\"async\" width=\"400\" height=\"457\" src=\"https:\/\/jornaloarauto.com.br\/wp-content\/uploads\/2023\/11\/image.png\" alt=\"O atributo alt desta imagem est\u00e1 vazio. O nome do arquivo \u00e9 Ed071capa.png\" class=\"wp-image-432\" style=\"aspect-ratio:0.87527352297593;width:274px;height:auto\" title=\"\" srcset=\"https:\/\/jornaloarauto.com.br\/wp-content\/uploads\/2023\/11\/image.png 400w, https:\/\/jornaloarauto.com.br\/wp-content\/uploads\/2023\/11\/image-263x300.png 263w\" sizes=\"(max-width: 400px) 100vw, 400px\" \/><\/figure>\n\n\n\n<p class=\"has-text-align-center\"><a href=\"https:\/\/jornaloarauto.com.br\/wp-content\/uploads\/2023\/11\/Ed071.pdf\" data-type=\"attachment\" data-id=\"430\">Baixe o pdf aqui<\/a><\/p>\n<\/div>\n\n\n\n<div class=\"wp-block-column is-layout-flow wp-block-column-is-layout-flow\">\n<p class=\"has-text-align-center\">Edi\u00e7\u00e3o 72 &#8211; Novembro<\/p>\n\n\n\n<figure class=\"wp-block-image size-full is-resized\"><img decoding=\"async\" width=\"400\" height=\"451\" src=\"https:\/\/jornaloarauto.com.br\/wp-content\/uploads\/2023\/12\/Ed072capa.png\" alt=\"\" class=\"wp-image-443\" style=\"aspect-ratio:0.8869179600886918;width:274px;height:auto\" title=\"\" srcset=\"https:\/\/jornaloarauto.com.br\/wp-content\/uploads\/2023\/12\/Ed072capa.png 400w, https:\/\/jornaloarauto.com.br\/wp-content\/uploads\/2023\/12\/Ed072capa-266x300.png 266w\" sizes=\"(max-width: 400px) 100vw, 400px\" \/><\/figure>\n\n\n\n<p class=\"has-text-align-center\"><a href=\"https:\/\/jornaloarauto.com.br\/wp-content\/uploads\/2023\/12\/Ed072.pdf\" data-type=\"attachment\" data-id=\"446\">Baixe o pdf aqui<\/a><\/p>\n<\/div>\n\n\n\n<div class=\"wp-block-column is-layout-flow wp-block-column-is-layout-flow\">\n<p class=\"has-text-align-center\">Edi\u00e7\u00e3o 73 &#8211; Dezembro<\/p>\n\n\n\n<figure class=\"wp-block-image size-full is-resized\"><img decoding=\"async\" width=\"400\" height=\"451\" src=\"https:\/\/jornaloarauto.com.br\/wp-content\/uploads\/2023\/12\/Ed073capa.png\" alt=\"\" class=\"wp-image-457\" style=\"aspect-ratio:0.8869179600886918;width:274px;height:auto\" title=\"\" srcset=\"https:\/\/jornaloarauto.com.br\/wp-content\/uploads\/2023\/12\/Ed073capa.png 400w, https:\/\/jornaloarauto.com.br\/wp-content\/uploads\/2023\/12\/Ed073capa-266x300.png 266w\" sizes=\"(max-width: 400px) 100vw, 400px\" \/><\/figure>\n\n\n\n<p class=\"has-text-align-center\"><a href=\"https:\/\/jornaloarauto.com.br\/wp-content\/uploads\/2023\/12\/Ed073.pdf\" data-type=\"attachment\" data-id=\"455\">Baixe o pdf aqui<\/a><\/p>\n<\/div>\n<\/div>\n","protected":false},"excerpt":{"rendered":"<p>Edi\u00e7\u00e3o 62 &#8211; Janeiro Baixe o pdf aqui Edi\u00e7\u00e3o 63 &#8211; Fevereiro Baixe o pdf aqui Edi\u00e7\u00e3o 64 &#8211; Mar\u00e7o Baixe o pdf aqui Edi\u00e7\u00e3o 65 &#8211; Abril Baixe o pdf aqui Edi\u00e7\u00e3o 66 &#8211; Maio Baixe o pdf aqui Edi\u00e7\u00e3o 67 &#8211; Junho Baixe o pdf aqui Edi\u00e7\u00e3o 68 &#8211; Julho Baixe o pdf&#8230;<\/p>\n","protected":false},"author":1,"featured_media":0,"parent":0,"menu_order":0,"comment_status":"closed","ping_status":"closed","template":"","meta":{"footnotes":""},"class_list":["post-248","page","type-page","status-publish","hentry"],"_links":{"self":[{"href":"https:\/\/jornaloarauto.com.br\/index.php\/wp-json\/wp\/v2\/pages\/248","targetHints":{"allow":["GET"]}}],"collection":[{"href":"https:\/\/jornaloarauto.com.br\/index.php\/wp-json\/wp\/v2\/pages"}],"about":[{"href":"https:\/\/jornaloarauto.com.br\/index.php\/wp-json\/wp\/v2\/types\/page"}],"author":[{"embeddable":true,"href":"https:\/\/jornaloarauto.com.br\/index.php\/wp-json\/wp\/v2\/users\/1"}],"replies":[{"embeddable":true,"href":"https:\/\/jornaloarauto.com.br\/index.php\/wp-json\/wp\/v2\/comments?post=248"}],"version-history":[{"count":0,"href":"https:\/\/jornaloarauto.com.br\/index.php\/wp-json\/wp\/v2\/pages\/248\/revisions"}],"wp:attachment":[{"href":"https:\/\/jornaloarauto.com.br\/index.php\/wp-json\/wp\/v2\/media?parent=248"}],"curies":[{"name":"wp","href":"https:\/\/api.w.org\/{rel}","templated":true}]}}