{"id":254,"date":"2023-09-18T20:02:31","date_gmt":"2023-09-18T23:02:31","guid":{"rendered":"https:\/\/jornaloarauto.com.br\/?page_id=254"},"modified":"2023-09-18T20:10:26","modified_gmt":"2023-09-18T23:10:26","slug":"noticias-populares-2020","status":"publish","type":"page","link":"https:\/\/jornaloarauto.com.br\/index.php\/noticias-populares-2020\/","title":{"rendered":"Not\u00edcias Populares 2020"},"content":{"rendered":"\n<div class=\"wp-block-columns is-layout-flex wp-container-core-columns-is-layout-9d6595d7 wp-block-columns-is-layout-flex\">\n<div class=\"wp-block-column is-layout-flow wp-block-column-is-layout-flow\">\n<p class=\"has-text-align-center\">Edi\u00e7\u00e3o 1 &#8211; Junho<\/p>\n\n\n\n<figure class=\"wp-block-image size-full is-resized\"><img decoding=\"async\" src=\"https:\/\/jornaloarauto.com.br\/wp-content\/uploads\/2023\/09\/not001.png\" alt=\"\" class=\"wp-image-270\" style=\"width:274px;height:313px\" width=\"274\" height=\"313\" title=\"\" srcset=\"https:\/\/jornaloarauto.com.br\/wp-content\/uploads\/2023\/09\/not001.png 400w, https:\/\/jornaloarauto.com.br\/wp-content\/uploads\/2023\/09\/not001-263x300.png 263w, https:\/\/jornaloarauto.com.br\/wp-content\/uploads\/2023\/09\/not001-53x60.png 53w\" sizes=\"(max-width: 274px) 100vw, 274px\" \/><\/figure>\n\n\n\n<p class=\"has-text-align-center\"><a href=\"https:\/\/jornaloarauto.com.br\/wp-content\/uploads\/2023\/09\/not001.pdf\" data-type=\"attachment\" data-id=\"145\">Baixe o pdf aqui<\/a><\/p>\n<\/div>\n\n\n\n<div class=\"wp-block-column is-layout-flow wp-block-column-is-layout-flow\">\n<p class=\"has-text-align-center\">Edi\u00e7\u00e3o 2 &#8211; Julho<\/p>\n\n\n\n<figure class=\"wp-block-image size-full is-resized\"><img decoding=\"async\" src=\"https:\/\/jornaloarauto.com.br\/wp-content\/uploads\/2023\/09\/not002.png\" alt=\"\" class=\"wp-image-271\" style=\"width:274px;height:313px\" width=\"274\" height=\"313\" title=\"\" srcset=\"https:\/\/jornaloarauto.com.br\/wp-content\/uploads\/2023\/09\/not002.png 400w, https:\/\/jornaloarauto.com.br\/wp-content\/uploads\/2023\/09\/not002-263x300.png 263w, https:\/\/jornaloarauto.com.br\/wp-content\/uploads\/2023\/09\/not002-53x60.png 53w\" sizes=\"(max-width: 274px) 100vw, 274px\" \/><\/figure>\n\n\n\n<p class=\"has-text-align-center\"><a href=\"https:\/\/jornaloarauto.com.br\/wp-content\/uploads\/2023\/09\/not002.pdf\" data-type=\"attachment\" data-id=\"146\">Baixe o pdf aqui<\/a><\/p>\n<\/div>\n\n\n\n<div class=\"wp-block-column is-layout-flow wp-block-column-is-layout-flow\">\n<p class=\"has-text-align-center\">Edi\u00e7\u00e3o 3 &#8211; Agosto<\/p>\n\n\n\n<figure class=\"wp-block-image size-full is-resized\"><img decoding=\"async\" src=\"https:\/\/jornaloarauto.com.br\/wp-content\/uploads\/2023\/09\/not003.png\" alt=\"\" class=\"wp-image-272\" style=\"width:274px;height:313px\" width=\"274\" height=\"313\" title=\"\" srcset=\"https:\/\/jornaloarauto.com.br\/wp-content\/uploads\/2023\/09\/not003.png 400w, https:\/\/jornaloarauto.com.br\/wp-content\/uploads\/2023\/09\/not003-263x300.png 263w, https:\/\/jornaloarauto.com.br\/wp-content\/uploads\/2023\/09\/not003-53x60.png 53w\" sizes=\"(max-width: 274px) 100vw, 274px\" \/><\/figure>\n\n\n\n<p class=\"has-text-align-center\"><a href=\"https:\/\/jornaloarauto.com.br\/wp-content\/uploads\/2023\/09\/not003.pdf\" data-type=\"attachment\" data-id=\"147\">Baixe o pdf aqui<\/a><\/p>\n<\/div>\n<\/div>\n\n\n\n<div class=\"wp-block-columns is-layout-flex wp-container-core-columns-is-layout-9d6595d7 wp-block-columns-is-layout-flex\">\n<div class=\"wp-block-column is-layout-flow wp-block-column-is-layout-flow\">\n<p class=\"has-text-align-center\">Edi\u00e7\u00e3o 4 &#8211; Setembro<\/p>\n\n\n\n<figure class=\"wp-block-image size-full is-resized\"><img decoding=\"async\" src=\"https:\/\/jornaloarauto.com.br\/wp-content\/uploads\/2023\/09\/not004.png\" alt=\"\" class=\"wp-image-273\" style=\"width:274px;height:313px\" width=\"274\" height=\"313\" title=\"\" srcset=\"https:\/\/jornaloarauto.com.br\/wp-content\/uploads\/2023\/09\/not004.png 400w, https:\/\/jornaloarauto.com.br\/wp-content\/uploads\/2023\/09\/not004-263x300.png 263w, https:\/\/jornaloarauto.com.br\/wp-content\/uploads\/2023\/09\/not004-53x60.png 53w\" sizes=\"(max-width: 274px) 100vw, 274px\" \/><\/figure>\n\n\n\n<p class=\"has-text-align-center\"><a href=\"https:\/\/jornaloarauto.com.br\/wp-content\/uploads\/2023\/09\/not004.pdf\" data-type=\"attachment\" data-id=\"148\">Baixe o pdf aqui<\/a><\/p>\n<\/div>\n\n\n\n<div class=\"wp-block-column is-layout-flow wp-block-column-is-layout-flow\">\n<p class=\"has-text-align-center\">Edi\u00e7\u00e3o 5 &#8211; Outubro<\/p>\n\n\n\n<figure class=\"wp-block-image size-full is-resized\"><img decoding=\"async\" src=\"https:\/\/jornaloarauto.com.br\/wp-content\/uploads\/2023\/09\/not005.png\" alt=\"\" class=\"wp-image-274\" style=\"width:274px;height:313px\" width=\"274\" height=\"313\" title=\"\" srcset=\"https:\/\/jornaloarauto.com.br\/wp-content\/uploads\/2023\/09\/not005.png 400w, https:\/\/jornaloarauto.com.br\/wp-content\/uploads\/2023\/09\/not005-263x300.png 263w, https:\/\/jornaloarauto.com.br\/wp-content\/uploads\/2023\/09\/not005-53x60.png 53w\" sizes=\"(max-width: 274px) 100vw, 274px\" \/><\/figure>\n\n\n\n<p class=\"has-text-align-center\"><a href=\"https:\/\/jornaloarauto.com.br\/wp-content\/uploads\/2023\/09\/not005.pdf\" data-type=\"attachment\" data-id=\"149\">Baixe o pdf aqui<\/a><\/p>\n<\/div>\n\n\n\n<div class=\"wp-block-column is-layout-flow wp-block-column-is-layout-flow\">\n<p class=\"has-text-align-center\">Edi\u00e7\u00e3o 6 &#8211; Novembro<\/p>\n\n\n\n<figure class=\"wp-block-image size-full is-resized\"><img decoding=\"async\" src=\"https:\/\/jornaloarauto.com.br\/wp-content\/uploads\/2023\/09\/not006.png\" alt=\"\" class=\"wp-image-275\" style=\"width:274px;height:310px\" width=\"274\" height=\"310\" title=\"\" srcset=\"https:\/\/jornaloarauto.com.br\/wp-content\/uploads\/2023\/09\/not006.png 400w, https:\/\/jornaloarauto.com.br\/wp-content\/uploads\/2023\/09\/not006-265x300.png 265w, https:\/\/jornaloarauto.com.br\/wp-content\/uploads\/2023\/09\/not006-53x60.png 53w\" sizes=\"(max-width: 274px) 100vw, 274px\" \/><\/figure>\n\n\n\n<p class=\"has-text-align-center\"><a href=\"https:\/\/jornaloarauto.com.br\/wp-content\/uploads\/2023\/09\/not006.pdf\" data-type=\"attachment\" data-id=\"150\">Baixe o pdf aqui<\/a><\/p>\n<\/div>\n<\/div>\n\n\n\n<div class=\"wp-block-columns is-layout-flex wp-container-core-columns-is-layout-9d6595d7 wp-block-columns-is-layout-flex\">\n<div class=\"wp-block-column is-layout-flow wp-block-column-is-layout-flow\">\n<p class=\"has-text-align-center\">Edi\u00e7\u00e3o 7 &#8211; Dezembro<\/p>\n\n\n\n<figure class=\"wp-block-image size-full is-resized\"><img decoding=\"async\" src=\"https:\/\/jornaloarauto.com.br\/wp-content\/uploads\/2023\/09\/not007.png\" alt=\"\" class=\"wp-image-276\" style=\"width:274px;height:310px\" width=\"274\" height=\"310\" title=\"\" srcset=\"https:\/\/jornaloarauto.com.br\/wp-content\/uploads\/2023\/09\/not007.png 400w, https:\/\/jornaloarauto.com.br\/wp-content\/uploads\/2023\/09\/not007-265x300.png 265w, https:\/\/jornaloarauto.com.br\/wp-content\/uploads\/2023\/09\/not007-53x60.png 53w\" sizes=\"(max-width: 274px) 100vw, 274px\" \/><\/figure>\n\n\n\n<p class=\"has-text-align-center\"><a href=\"https:\/\/jornaloarauto.com.br\/wp-content\/uploads\/2023\/09\/not007.pdf\" data-type=\"attachment\" data-id=\"151\">Baixe o pdf aqui<\/a><\/p>\n<\/div>\n\n\n\n<div class=\"wp-block-column is-layout-flow wp-block-column-is-layout-flow\"><\/div>\n\n\n\n<div class=\"wp-block-column is-layout-flow wp-block-column-is-layout-flow\"><\/div>\n<\/div>\n","protected":false},"excerpt":{"rendered":"<p>Edi\u00e7\u00e3o 1 &#8211; Junho Baixe o pdf aqui Edi\u00e7\u00e3o 2 &#8211; Julho Baixe o pdf aqui Edi\u00e7\u00e3o 3 &#8211; Agosto Baixe o pdf aqui Edi\u00e7\u00e3o 4 &#8211; Setembro Baixe o pdf aqui Edi\u00e7\u00e3o 5 &#8211; Outubro Baixe o pdf aqui Edi\u00e7\u00e3o 6 &#8211; Novembro Baixe o pdf aqui Edi\u00e7\u00e3o 7 &#8211; Dezembro Baixe o pdf&#8230;<\/p>\n","protected":false},"author":1,"featured_media":0,"parent":0,"menu_order":0,"comment_status":"closed","ping_status":"closed","template":"","meta":{"footnotes":""},"class_list":["post-254","page","type-page","status-publish","hentry"],"_links":{"self":[{"href":"https:\/\/jornaloarauto.com.br\/index.php\/wp-json\/wp\/v2\/pages\/254","targetHints":{"allow":["GET"]}}],"collection":[{"href":"https:\/\/jornaloarauto.com.br\/index.php\/wp-json\/wp\/v2\/pages"}],"about":[{"href":"https:\/\/jornaloarauto.com.br\/index.php\/wp-json\/wp\/v2\/types\/page"}],"author":[{"embeddable":true,"href":"https:\/\/jornaloarauto.com.br\/index.php\/wp-json\/wp\/v2\/users\/1"}],"replies":[{"embeddable":true,"href":"https:\/\/jornaloarauto.com.br\/index.php\/wp-json\/wp\/v2\/comments?post=254"}],"version-history":[{"count":0,"href":"https:\/\/jornaloarauto.com.br\/index.php\/wp-json\/wp\/v2\/pages\/254\/revisions"}],"wp:attachment":[{"href":"https:\/\/jornaloarauto.com.br\/index.php\/wp-json\/wp\/v2\/media?parent=254"}],"curies":[{"name":"wp","href":"https:\/\/api.w.org\/{rel}","templated":true}]}}