{"id":26,"date":"2023-09-18T18:08:44","date_gmt":"2023-09-18T21:08:44","guid":{"rendered":"https:\/\/jornaloarauto.com.br\/?page_id=26"},"modified":"2023-09-18T18:59:11","modified_gmt":"2023-09-18T21:59:11","slug":"2018-2","status":"publish","type":"page","link":"https:\/\/jornaloarauto.com.br\/index.php\/2018-2\/","title":{"rendered":"2018"},"content":{"rendered":"\n<div class=\"wp-block-columns is-layout-flex wp-container-core-columns-is-layout-9d6595d7 wp-block-columns-is-layout-flex\">\n<div class=\"wp-block-column is-layout-flow wp-block-column-is-layout-flow\">\n<p class=\"has-text-align-center\">Edi\u00e7\u00e3o 02 &#8211; Janeiro<\/p>\n\n\n\n<figure class=\"wp-block-image size-full is-resized\"><img decoding=\"async\" src=\"https:\/\/jornaloarauto.com.br\/wp-content\/uploads\/2023\/09\/Ed002capa.png\" alt=\"\" class=\"wp-image-27\" style=\"width:274px;height:310px\" width=\"274\" height=\"310\" title=\"\"><\/figure>\n\n\n\n<p class=\"has-text-align-center\"><a href=\"https:\/\/jornaloarauto.com.br\/wp-content\/uploads\/2023\/09\/Ed002.pdf\" data-type=\"attachment\" data-id=\"54\">Baixe o pdf aqui<\/a><\/p>\n<\/div>\n\n\n\n<div class=\"wp-block-column is-layout-flow wp-block-column-is-layout-flow\">\n<p class=\"has-text-align-center\">Edi\u00e7\u00e3o 03 &#8211; Fevereiro<\/p>\n\n\n\n<figure class=\"wp-block-image size-full\"><img decoding=\"async\" src=\"https:\/\/jornaloarauto.com.br\/wp-content\/uploads\/2023\/09\/Ed003capa.png\" alt=\"\" class=\"wp-image-29\" title=\"\"><\/figure>\n\n\n\n<p class=\"has-text-align-center\"><a href=\"https:\/\/jornaloarauto.com.br\/wp-content\/uploads\/2023\/09\/Ed003.pdf\" data-type=\"attachment\" data-id=\"55\">Baixe o pdf aqui<\/a><\/p>\n<\/div>\n\n\n\n<div class=\"wp-block-column is-layout-flow wp-block-column-is-layout-flow\">\n<p class=\"has-text-align-center\">Edi\u00e7\u00e3o 4 &#8211; Mar\u00e7o<\/p>\n\n\n\n<figure class=\"wp-block-image size-full\"><img decoding=\"async\" src=\"https:\/\/jornaloarauto.com.br\/wp-content\/uploads\/2023\/09\/Ed004capa.png\" alt=\"\" class=\"wp-image-30\" title=\"\"><\/figure>\n\n\n\n<p class=\"has-text-align-center\"><a href=\"https:\/\/jornaloarauto.com.br\/wp-content\/uploads\/2023\/09\/Ed004.pdf\" data-type=\"attachment\" data-id=\"46\">Baixe o pdf aqui<\/a><\/p>\n<\/div>\n<\/div>\n\n\n\n<div class=\"wp-block-columns is-layout-flex wp-container-core-columns-is-layout-9d6595d7 wp-block-columns-is-layout-flex\">\n<div class=\"wp-block-column is-layout-flow wp-block-column-is-layout-flow\">\n<p class=\"has-text-align-center\">Edi\u00e7\u00e3o 5 &#8211; Abril<\/p>\n\n\n\n<figure class=\"wp-block-image size-full is-resized\"><img decoding=\"async\" src=\"https:\/\/jornaloarauto.com.br\/wp-content\/uploads\/2023\/09\/Ed005capa.png\" alt=\"\" class=\"wp-image-43\" style=\"width:274px;height:310px\" width=\"274\" height=\"310\" title=\"\" srcset=\"https:\/\/jornaloarauto.com.br\/wp-content\/uploads\/2023\/09\/Ed005capa.png 400w, https:\/\/jornaloarauto.com.br\/wp-content\/uploads\/2023\/09\/Ed005capa-265x300.png 265w, https:\/\/jornaloarauto.com.br\/wp-content\/uploads\/2023\/09\/Ed005capa-53x60.png 53w\" sizes=\"(max-width: 274px) 100vw, 274px\" \/><\/figure>\n\n\n\n<p class=\"has-text-align-center\"><a href=\"https:\/\/jornaloarauto.com.br\/wp-content\/uploads\/2023\/09\/Ed005.pdf\" data-type=\"attachment\" data-id=\"47\">Baixe o pdf aqui<\/a><\/p>\n<\/div>\n\n\n\n<div class=\"wp-block-column is-layout-flow wp-block-column-is-layout-flow\">\n<p class=\"has-text-align-center\">Edi\u00e7\u00e3o 6 &#8211; Maio<\/p>\n\n\n\n<figure class=\"wp-block-image size-full is-resized\"><img decoding=\"async\" src=\"https:\/\/jornaloarauto.com.br\/wp-content\/uploads\/2023\/09\/Ed006capa.png\" alt=\"\" class=\"wp-image-44\" style=\"width:274px;height:310px\" width=\"274\" height=\"310\" title=\"\" srcset=\"https:\/\/jornaloarauto.com.br\/wp-content\/uploads\/2023\/09\/Ed006capa.png 400w, https:\/\/jornaloarauto.com.br\/wp-content\/uploads\/2023\/09\/Ed006capa-265x300.png 265w, https:\/\/jornaloarauto.com.br\/wp-content\/uploads\/2023\/09\/Ed006capa-53x60.png 53w\" sizes=\"(max-width: 274px) 100vw, 274px\" \/><\/figure>\n\n\n\n<p class=\"has-text-align-center\"><a href=\"https:\/\/jornaloarauto.com.br\/wp-content\/uploads\/2023\/09\/Ed006.pdf\" data-type=\"attachment\" data-id=\"48\">Baixe o pdf aqui<\/a><\/p>\n<\/div>\n\n\n\n<div class=\"wp-block-column is-layout-flow wp-block-column-is-layout-flow\">\n<p class=\"has-text-align-center\">Edi\u00e7\u00e3o 7 &#8211; Junho<\/p>\n\n\n\n<figure class=\"wp-block-image size-full is-resized\"><img decoding=\"async\" src=\"https:\/\/jornaloarauto.com.br\/wp-content\/uploads\/2023\/09\/Ed007capa.png\" alt=\"\" class=\"wp-image-45\" style=\"width:274px;height:310px\" width=\"274\" height=\"310\" title=\"\" srcset=\"https:\/\/jornaloarauto.com.br\/wp-content\/uploads\/2023\/09\/Ed007capa.png 400w, https:\/\/jornaloarauto.com.br\/wp-content\/uploads\/2023\/09\/Ed007capa-265x300.png 265w, https:\/\/jornaloarauto.com.br\/wp-content\/uploads\/2023\/09\/Ed007capa-53x60.png 53w\" sizes=\"(max-width: 274px) 100vw, 274px\" \/><\/figure>\n\n\n\n<p class=\"has-text-align-center\"><a href=\"https:\/\/jornaloarauto.com.br\/wp-content\/uploads\/2023\/09\/Ed007capa.png\" data-type=\"attachment\" data-id=\"45\">Baixe o pdf aqui<\/a><\/p>\n<\/div>\n<\/div>\n\n\n\n<div class=\"wp-block-columns is-layout-flex wp-container-core-columns-is-layout-9d6595d7 wp-block-columns-is-layout-flex\">\n<div class=\"wp-block-column is-layout-flow wp-block-column-is-layout-flow\">\n<p class=\"has-text-align-center\">Edi\u00e7\u00e3o 8 &#8211; Julho<\/p>\n\n\n\n<figure class=\"wp-block-image size-full is-resized\"><img decoding=\"async\" src=\"https:\/\/jornaloarauto.com.br\/wp-content\/uploads\/2023\/09\/Ed008capa.png\" alt=\"\" class=\"wp-image-36\" style=\"width:274px;height:310px\" width=\"274\" height=\"310\" title=\"\" srcset=\"https:\/\/jornaloarauto.com.br\/wp-content\/uploads\/2023\/09\/Ed008capa.png 400w, https:\/\/jornaloarauto.com.br\/wp-content\/uploads\/2023\/09\/Ed008capa-265x300.png 265w, https:\/\/jornaloarauto.com.br\/wp-content\/uploads\/2023\/09\/Ed008capa-53x60.png 53w\" sizes=\"(max-width: 274px) 100vw, 274px\" \/><\/figure>\n\n\n\n<p class=\"has-text-align-center\"><a href=\"https:\/\/jornaloarauto.com.br\/wp-content\/uploads\/2023\/09\/Ed008capa.png\" data-type=\"attachment\" data-id=\"36\">Baixe o pdf aqui<\/a><\/p>\n<\/div>\n\n\n\n<div class=\"wp-block-column is-layout-flow wp-block-column-is-layout-flow\">\n<p class=\"has-text-align-center\">Edi\u00e7\u00e3o 9 &#8211; Agosto<\/p>\n\n\n\n<figure class=\"wp-block-image size-full is-resized\"><img decoding=\"async\" src=\"https:\/\/jornaloarauto.com.br\/wp-content\/uploads\/2023\/09\/Ed009capa.png\" alt=\"\" class=\"wp-image-37\" style=\"width:274px;height:310px\" width=\"274\" height=\"310\" title=\"\" srcset=\"https:\/\/jornaloarauto.com.br\/wp-content\/uploads\/2023\/09\/Ed009capa.png 400w, https:\/\/jornaloarauto.com.br\/wp-content\/uploads\/2023\/09\/Ed009capa-265x300.png 265w, https:\/\/jornaloarauto.com.br\/wp-content\/uploads\/2023\/09\/Ed009capa-53x60.png 53w\" sizes=\"(max-width: 274px) 100vw, 274px\" \/><\/figure>\n\n\n\n<p class=\"has-text-align-center\"><a href=\"https:\/\/jornaloarauto.com.br\/wp-content\/uploads\/2023\/09\/Ed009capa.png\" data-type=\"attachment\" data-id=\"37\">Baixe o pdf aqui<\/a><\/p>\n<\/div>\n\n\n\n<div class=\"wp-block-column is-layout-flow wp-block-column-is-layout-flow\">\n<p class=\"has-text-align-center\">Edi\u00e7\u00e3o 10 &#8211; Setembro<\/p>\n\n\n\n<figure class=\"wp-block-image size-full is-resized\"><img decoding=\"async\" src=\"https:\/\/jornaloarauto.com.br\/wp-content\/uploads\/2023\/09\/Ed010capa.png\" alt=\"\" class=\"wp-image-38\" style=\"width:274px;height:310px\" width=\"274\" height=\"310\" title=\"\" srcset=\"https:\/\/jornaloarauto.com.br\/wp-content\/uploads\/2023\/09\/Ed010capa.png 400w, https:\/\/jornaloarauto.com.br\/wp-content\/uploads\/2023\/09\/Ed010capa-265x300.png 265w, https:\/\/jornaloarauto.com.br\/wp-content\/uploads\/2023\/09\/Ed010capa-53x60.png 53w\" sizes=\"(max-width: 274px) 100vw, 274px\" \/><\/figure>\n\n\n\n<p class=\"has-text-align-center\"><a href=\"https:\/\/jornaloarauto.com.br\/wp-content\/uploads\/2023\/09\/Ed010.pdf\" data-type=\"attachment\" data-id=\"52\">Baixe o pdf aqui<\/a><\/p>\n<\/div>\n<\/div>\n\n\n\n<div class=\"wp-block-columns is-layout-flex wp-container-core-columns-is-layout-9d6595d7 wp-block-columns-is-layout-flex\">\n<div class=\"wp-block-column is-layout-flow wp-block-column-is-layout-flow\">\n<p class=\"has-text-align-center\">Edi\u00e7\u00e3o 11 &#8211; Outubro<\/p>\n\n\n\n<figure class=\"wp-block-image size-full is-resized\"><img decoding=\"async\" src=\"https:\/\/jornaloarauto.com.br\/wp-content\/uploads\/2023\/09\/image.png\" alt=\"O atributo alt desta imagem est\u00e1 vazio. O nome do arquivo \u00e9 Ed011capa.png\" class=\"wp-image-225\" style=\"width:274px;height:310px\" width=\"274\" height=\"310\" title=\"\" srcset=\"https:\/\/jornaloarauto.com.br\/wp-content\/uploads\/2023\/09\/image.png 400w, https:\/\/jornaloarauto.com.br\/wp-content\/uploads\/2023\/09\/image-265x300.png 265w, https:\/\/jornaloarauto.com.br\/wp-content\/uploads\/2023\/09\/image-53x60.png 53w\" sizes=\"(max-width: 274px) 100vw, 274px\" \/><\/figure>\n\n\n\n<p class=\"has-text-align-center\"><a href=\"https:\/\/jornaloarauto.com.br\/wp-content\/uploads\/2023\/09\/Ed011.pdf\" data-type=\"attachment\" data-id=\"86\">Baixe o pdf aqui<\/a><\/p>\n<\/div>\n\n\n\n<div class=\"wp-block-column is-layout-flow wp-block-column-is-layout-flow\">\n<p class=\"has-text-align-center\">Edi\u00e7\u00e3o 12 &#8211; Novembro<\/p>\n\n\n\n<figure class=\"wp-block-image size-full is-resized\"><img decoding=\"async\" src=\"https:\/\/jornaloarauto.com.br\/wp-content\/uploads\/2023\/09\/Ed012capa.png\" alt=\"\" class=\"wp-image-179\" style=\"width:274px;height:310px\" width=\"274\" height=\"310\" title=\"\" srcset=\"https:\/\/jornaloarauto.com.br\/wp-content\/uploads\/2023\/09\/Ed012capa.png 400w, https:\/\/jornaloarauto.com.br\/wp-content\/uploads\/2023\/09\/Ed012capa-265x300.png 265w, https:\/\/jornaloarauto.com.br\/wp-content\/uploads\/2023\/09\/Ed012capa-53x60.png 53w\" sizes=\"(max-width: 274px) 100vw, 274px\" \/><\/figure>\n\n\n\n<p class=\"has-text-align-center\"><a href=\"https:\/\/jornaloarauto.com.br\/wp-content\/uploads\/2023\/09\/Ed012.pdf\" data-type=\"attachment\" data-id=\"87\">Baixe o pdf aqui<\/a><\/p>\n<\/div>\n\n\n\n<div class=\"wp-block-column is-layout-flow wp-block-column-is-layout-flow\">\n<p class=\"has-text-align-center\">Edi\u00e7\u00e3o 13 &#8211; Dezembro<\/p>\n\n\n\n<figure class=\"wp-block-image size-full is-resized\"><img decoding=\"async\" src=\"https:\/\/jornaloarauto.com.br\/wp-content\/uploads\/2023\/09\/Ed013capa.png\" alt=\"\" class=\"wp-image-180\" style=\"width:274px;height:310px\" width=\"274\" height=\"310\" title=\"\" srcset=\"https:\/\/jornaloarauto.com.br\/wp-content\/uploads\/2023\/09\/Ed013capa.png 400w, https:\/\/jornaloarauto.com.br\/wp-content\/uploads\/2023\/09\/Ed013capa-265x300.png 265w, https:\/\/jornaloarauto.com.br\/wp-content\/uploads\/2023\/09\/Ed013capa-53x60.png 53w\" sizes=\"(max-width: 274px) 100vw, 274px\" \/><\/figure>\n\n\n\n<p class=\"has-text-align-center\"><a href=\"https:\/\/jornaloarauto.com.br\/wp-content\/uploads\/2023\/09\/Ed013.pdf\" data-type=\"attachment\" data-id=\"88\">Baixe o pdf aqui<\/a><\/p>\n<\/div>\n<\/div>\n","protected":false},"excerpt":{"rendered":"<p>Edi\u00e7\u00e3o 02 &#8211; Janeiro Baixe o pdf aqui Edi\u00e7\u00e3o 03 &#8211; Fevereiro Baixe o pdf aqui Edi\u00e7\u00e3o 4 &#8211; Mar\u00e7o Baixe o pdf aqui Edi\u00e7\u00e3o 5 &#8211; Abril Baixe o pdf aqui Edi\u00e7\u00e3o 6 &#8211; Maio Baixe o pdf aqui Edi\u00e7\u00e3o 7 &#8211; Junho Baixe o pdf aqui Edi\u00e7\u00e3o 8 &#8211; Julho Baixe o pdf&#8230;<\/p>\n","protected":false},"author":1,"featured_media":0,"parent":0,"menu_order":0,"comment_status":"closed","ping_status":"closed","template":"","meta":{"footnotes":""},"class_list":["post-26","page","type-page","status-publish","hentry"],"_links":{"self":[{"href":"https:\/\/jornaloarauto.com.br\/index.php\/wp-json\/wp\/v2\/pages\/26","targetHints":{"allow":["GET"]}}],"collection":[{"href":"https:\/\/jornaloarauto.com.br\/index.php\/wp-json\/wp\/v2\/pages"}],"about":[{"href":"https:\/\/jornaloarauto.com.br\/index.php\/wp-json\/wp\/v2\/types\/page"}],"author":[{"embeddable":true,"href":"https:\/\/jornaloarauto.com.br\/index.php\/wp-json\/wp\/v2\/users\/1"}],"replies":[{"embeddable":true,"href":"https:\/\/jornaloarauto.com.br\/index.php\/wp-json\/wp\/v2\/comments?post=26"}],"version-history":[{"count":0,"href":"https:\/\/jornaloarauto.com.br\/index.php\/wp-json\/wp\/v2\/pages\/26\/revisions"}],"wp:attachment":[{"href":"https:\/\/jornaloarauto.com.br\/index.php\/wp-json\/wp\/v2\/media?parent=26"}],"curies":[{"name":"wp","href":"https:\/\/api.w.org\/{rel}","templated":true}]}}