{"id":302,"date":"2023-09-19T17:36:58","date_gmt":"2023-09-19T20:36:58","guid":{"rendered":"https:\/\/jornaloarauto.com.br\/?page_id=302"},"modified":"2023-09-19T17:47:00","modified_gmt":"2023-09-19T20:47:00","slug":"noticias-populares-2021","status":"publish","type":"page","link":"https:\/\/jornaloarauto.com.br\/index.php\/noticias-populares-2021\/","title":{"rendered":"Not\u00edcias Populares 2021"},"content":{"rendered":"\n<div class=\"wp-block-columns is-layout-flex wp-container-core-columns-is-layout-9d6595d7 wp-block-columns-is-layout-flex\">\n<div class=\"wp-block-column is-layout-flow wp-block-column-is-layout-flow\">\n<p class=\"has-text-align-center\">Edi\u00e7\u00e3o 8 &#8211; Janeiro<\/p>\n\n\n\n<figure class=\"wp-block-image size-full is-resized\"><img decoding=\"async\" src=\"https:\/\/jornaloarauto.com.br\/wp-content\/uploads\/2023\/09\/not008.png\" alt=\"\" class=\"wp-image-277\" style=\"width:274px;height:310px\" width=\"274\" height=\"310\" title=\"\" srcset=\"https:\/\/jornaloarauto.com.br\/wp-content\/uploads\/2023\/09\/not008.png 400w, https:\/\/jornaloarauto.com.br\/wp-content\/uploads\/2023\/09\/not008-265x300.png 265w, https:\/\/jornaloarauto.com.br\/wp-content\/uploads\/2023\/09\/not008-53x60.png 53w\" sizes=\"(max-width: 274px) 100vw, 274px\" \/><\/figure>\n\n\n\n<p class=\"has-text-align-center\"><a href=\"https:\/\/jornaloarauto.com.br\/wp-content\/uploads\/2023\/09\/not008.pdf\" data-type=\"attachment\" data-id=\"152\">Baixe o pdf aqui<\/a><\/p>\n<\/div>\n\n\n\n<div class=\"wp-block-column is-layout-flow wp-block-column-is-layout-flow\">\n<p class=\"has-text-align-center\">Edi\u00e7\u00e3o 9 &#8211; Fevereiro<\/p>\n\n\n\n<figure class=\"wp-block-image size-full is-resized\"><img decoding=\"async\" src=\"https:\/\/jornaloarauto.com.br\/wp-content\/uploads\/2023\/09\/not009.png\" alt=\"\" class=\"wp-image-278\" style=\"width:274px;height:310px\" width=\"274\" height=\"310\" title=\"\" srcset=\"https:\/\/jornaloarauto.com.br\/wp-content\/uploads\/2023\/09\/not009.png 400w, https:\/\/jornaloarauto.com.br\/wp-content\/uploads\/2023\/09\/not009-265x300.png 265w, https:\/\/jornaloarauto.com.br\/wp-content\/uploads\/2023\/09\/not009-53x60.png 53w\" sizes=\"(max-width: 274px) 100vw, 274px\" \/><\/figure>\n\n\n\n<p class=\"has-text-align-center\"><a href=\"https:\/\/jornaloarauto.com.br\/wp-content\/uploads\/2023\/09\/not009.pdf\" data-type=\"attachment\" data-id=\"153\">Baixe o pdf aqui<\/a><\/p>\n<\/div>\n\n\n\n<div class=\"wp-block-column is-layout-flow wp-block-column-is-layout-flow\">\n<p class=\"has-text-align-center\">Edi\u00e7\u00e3o 10 &#8211; Mar\u00e7o<\/p>\n\n\n\n<figure class=\"wp-block-image size-full is-resized\"><img decoding=\"async\" src=\"https:\/\/jornaloarauto.com.br\/wp-content\/uploads\/2023\/09\/not010.png\" alt=\"\" class=\"wp-image-279\" style=\"width:274px;height:310px\" width=\"274\" height=\"310\" title=\"\" srcset=\"https:\/\/jornaloarauto.com.br\/wp-content\/uploads\/2023\/09\/not010.png 400w, https:\/\/jornaloarauto.com.br\/wp-content\/uploads\/2023\/09\/not010-265x300.png 265w, https:\/\/jornaloarauto.com.br\/wp-content\/uploads\/2023\/09\/not010-53x60.png 53w\" sizes=\"(max-width: 274px) 100vw, 274px\" \/><\/figure>\n\n\n\n<p class=\"has-text-align-center\"><a href=\"https:\/\/jornaloarauto.com.br\/wp-content\/uploads\/2023\/09\/not010.pdf\" data-type=\"attachment\" data-id=\"154\">Baixe o pdf aqui<\/a><\/p>\n<\/div>\n<\/div>\n\n\n\n<div class=\"wp-block-columns is-layout-flex wp-container-core-columns-is-layout-9d6595d7 wp-block-columns-is-layout-flex\">\n<div class=\"wp-block-column is-layout-flow wp-block-column-is-layout-flow\">\n<p class=\"has-text-align-center\">Edi\u00e7\u00e3o 11 &#8211; Abril<\/p>\n\n\n\n<figure class=\"wp-block-image size-full is-resized\"><img decoding=\"async\" src=\"https:\/\/jornaloarauto.com.br\/wp-content\/uploads\/2023\/09\/not011.png\" alt=\"\" class=\"wp-image-280\" style=\"width:274px;height:310px\" width=\"274\" height=\"310\" title=\"\" srcset=\"https:\/\/jornaloarauto.com.br\/wp-content\/uploads\/2023\/09\/not011.png 400w, https:\/\/jornaloarauto.com.br\/wp-content\/uploads\/2023\/09\/not011-265x300.png 265w, https:\/\/jornaloarauto.com.br\/wp-content\/uploads\/2023\/09\/not011-53x60.png 53w\" sizes=\"(max-width: 274px) 100vw, 274px\" \/><\/figure>\n\n\n\n<p class=\"has-text-align-center\"><a href=\"https:\/\/jornaloarauto.com.br\/wp-content\/uploads\/2023\/09\/not011.pdf\" data-type=\"attachment\" data-id=\"155\">Baixe o pdf aqui<\/a><\/p>\n<\/div>\n\n\n\n<div class=\"wp-block-column is-layout-flow wp-block-column-is-layout-flow\">\n<p class=\"has-text-align-center\">Edi\u00e7\u00e3o 12 &#8211; Maio<\/p>\n\n\n\n<figure class=\"wp-block-image size-full is-resized\"><img decoding=\"async\" src=\"https:\/\/jornaloarauto.com.br\/wp-content\/uploads\/2023\/09\/not012.png\" alt=\"\" class=\"wp-image-281\" style=\"width:274px;height:310px\" width=\"274\" height=\"310\" title=\"\" srcset=\"https:\/\/jornaloarauto.com.br\/wp-content\/uploads\/2023\/09\/not012.png 400w, https:\/\/jornaloarauto.com.br\/wp-content\/uploads\/2023\/09\/not012-265x300.png 265w, https:\/\/jornaloarauto.com.br\/wp-content\/uploads\/2023\/09\/not012-53x60.png 53w\" sizes=\"(max-width: 274px) 100vw, 274px\" \/><\/figure>\n\n\n\n<p class=\"has-text-align-center\"><a href=\"https:\/\/jornaloarauto.com.br\/wp-content\/uploads\/2023\/09\/not012.pdf\" data-type=\"attachment\" data-id=\"156\">Baixe o pdf aqui<\/a><\/p>\n<\/div>\n\n\n\n<div class=\"wp-block-column is-layout-flow wp-block-column-is-layout-flow\">\n<p class=\"has-text-align-center\">Edi\u00e7\u00e3o 13 &#8211; Junho<\/p>\n\n\n\n<figure class=\"wp-block-image size-full is-resized\"><img decoding=\"async\" src=\"https:\/\/jornaloarauto.com.br\/wp-content\/uploads\/2023\/09\/not013.png\" alt=\"\" class=\"wp-image-282\" style=\"width:274px;height:310px\" width=\"274\" height=\"310\" title=\"\" srcset=\"https:\/\/jornaloarauto.com.br\/wp-content\/uploads\/2023\/09\/not013.png 400w, https:\/\/jornaloarauto.com.br\/wp-content\/uploads\/2023\/09\/not013-265x300.png 265w, https:\/\/jornaloarauto.com.br\/wp-content\/uploads\/2023\/09\/not013-53x60.png 53w\" sizes=\"(max-width: 274px) 100vw, 274px\" \/><\/figure>\n\n\n\n<p class=\"has-text-align-center\"><a href=\"https:\/\/jornaloarauto.com.br\/wp-content\/uploads\/2023\/09\/not013.pdf\" data-type=\"attachment\" data-id=\"157\">Baixe o pdf aqui<\/a><\/p>\n<\/div>\n<\/div>\n\n\n\n<div class=\"wp-block-columns is-layout-flex wp-container-core-columns-is-layout-9d6595d7 wp-block-columns-is-layout-flex\">\n<div class=\"wp-block-column is-layout-flow wp-block-column-is-layout-flow\">\n<p class=\"has-text-align-center\">Edi\u00e7\u00e3o 14 &#8211; Julho<\/p>\n\n\n\n<figure class=\"wp-block-image size-full is-resized\"><img decoding=\"async\" src=\"https:\/\/jornaloarauto.com.br\/wp-content\/uploads\/2023\/09\/not014.png\" alt=\"\" class=\"wp-image-283\" style=\"width:274px;height:310px\" width=\"274\" height=\"310\" title=\"\" srcset=\"https:\/\/jornaloarauto.com.br\/wp-content\/uploads\/2023\/09\/not014.png 400w, https:\/\/jornaloarauto.com.br\/wp-content\/uploads\/2023\/09\/not014-265x300.png 265w, https:\/\/jornaloarauto.com.br\/wp-content\/uploads\/2023\/09\/not014-53x60.png 53w\" sizes=\"(max-width: 274px) 100vw, 274px\" \/><\/figure>\n\n\n\n<p class=\"has-text-align-center\"><a href=\"https:\/\/jornaloarauto.com.br\/wp-content\/uploads\/2023\/09\/not014.pdf\" data-type=\"attachment\" data-id=\"158\">Baixe o pdf aqui<\/a><\/p>\n<\/div>\n\n\n\n<div class=\"wp-block-column is-layout-flow wp-block-column-is-layout-flow\">\n<p class=\"has-text-align-center\">Edi\u00e7\u00e3o 15 &#8211; Agosto<\/p>\n\n\n\n<figure class=\"wp-block-image size-full is-resized\"><img decoding=\"async\" src=\"https:\/\/jornaloarauto.com.br\/wp-content\/uploads\/2023\/09\/not015.png\" alt=\"\" class=\"wp-image-284\" style=\"width:274px;height:310px\" width=\"274\" height=\"310\" title=\"\" srcset=\"https:\/\/jornaloarauto.com.br\/wp-content\/uploads\/2023\/09\/not015.png 400w, https:\/\/jornaloarauto.com.br\/wp-content\/uploads\/2023\/09\/not015-265x300.png 265w, https:\/\/jornaloarauto.com.br\/wp-content\/uploads\/2023\/09\/not015-53x60.png 53w\" sizes=\"(max-width: 274px) 100vw, 274px\" \/><\/figure>\n\n\n\n<p class=\"has-text-align-center\"><a href=\"https:\/\/jornaloarauto.com.br\/wp-content\/uploads\/2023\/09\/not015.pdf\" data-type=\"attachment\" data-id=\"159\">Baixe o pdf aqui<\/a><\/p>\n<\/div>\n\n\n\n<div class=\"wp-block-column is-layout-flow wp-block-column-is-layout-flow\">\n<p class=\"has-text-align-center\">Edi\u00e7\u00e3o 16 &#8211; Setembro<\/p>\n\n\n\n<figure class=\"wp-block-image size-full is-resized\"><img decoding=\"async\" src=\"https:\/\/jornaloarauto.com.br\/wp-content\/uploads\/2023\/09\/not016.png\" alt=\"\" class=\"wp-image-285\" style=\"width:274px;height:310px\" width=\"274\" height=\"310\" title=\"\" srcset=\"https:\/\/jornaloarauto.com.br\/wp-content\/uploads\/2023\/09\/not016.png 400w, https:\/\/jornaloarauto.com.br\/wp-content\/uploads\/2023\/09\/not016-265x300.png 265w, https:\/\/jornaloarauto.com.br\/wp-content\/uploads\/2023\/09\/not016-53x60.png 53w\" sizes=\"(max-width: 274px) 100vw, 274px\" \/><\/figure>\n\n\n\n<p class=\"has-text-align-center\"><a href=\"https:\/\/jornaloarauto.com.br\/wp-content\/uploads\/2023\/09\/not016.pdf\" data-type=\"attachment\" data-id=\"160\">Baixe o pdf aqui<\/a><\/p>\n<\/div>\n<\/div>\n\n\n\n<div class=\"wp-block-columns is-layout-flex wp-container-core-columns-is-layout-9d6595d7 wp-block-columns-is-layout-flex\">\n<div class=\"wp-block-column is-layout-flow wp-block-column-is-layout-flow\">\n<p class=\"has-text-align-center\">Edi\u00e7\u00e3o 17 &#8211; Outubro<\/p>\n\n\n\n<figure class=\"wp-block-image size-full is-resized\"><img decoding=\"async\" src=\"https:\/\/jornaloarauto.com.br\/wp-content\/uploads\/2023\/09\/not017.png\" alt=\"\" class=\"wp-image-286\" style=\"width:274px;height:310px\" width=\"274\" height=\"310\" title=\"\" srcset=\"https:\/\/jornaloarauto.com.br\/wp-content\/uploads\/2023\/09\/not017.png 400w, https:\/\/jornaloarauto.com.br\/wp-content\/uploads\/2023\/09\/not017-265x300.png 265w, https:\/\/jornaloarauto.com.br\/wp-content\/uploads\/2023\/09\/not017-53x60.png 53w\" sizes=\"(max-width: 274px) 100vw, 274px\" \/><\/figure>\n\n\n\n<p class=\"has-text-align-center\"><a href=\"https:\/\/jornaloarauto.com.br\/wp-content\/uploads\/2023\/09\/not017.pdf\" data-type=\"attachment\" data-id=\"161\">Baixe o pdf aqui<\/a><\/p>\n<\/div>\n\n\n\n<div class=\"wp-block-column is-layout-flow wp-block-column-is-layout-flow\">\n<p class=\"has-text-align-center\">Edi\u00e7\u00e3o 18 &#8211; Novembro<\/p>\n\n\n\n<figure class=\"wp-block-image size-full is-resized\"><img decoding=\"async\" src=\"https:\/\/jornaloarauto.com.br\/wp-content\/uploads\/2023\/09\/not018.png\" alt=\"\" class=\"wp-image-287\" style=\"width:274px;height:310px\" width=\"274\" height=\"310\" title=\"\" srcset=\"https:\/\/jornaloarauto.com.br\/wp-content\/uploads\/2023\/09\/not018.png 400w, https:\/\/jornaloarauto.com.br\/wp-content\/uploads\/2023\/09\/not018-265x300.png 265w, https:\/\/jornaloarauto.com.br\/wp-content\/uploads\/2023\/09\/not018-53x60.png 53w\" sizes=\"(max-width: 274px) 100vw, 274px\" \/><\/figure>\n\n\n\n<p class=\"has-text-align-center\"><a href=\"https:\/\/jornaloarauto.com.br\/wp-content\/uploads\/2023\/09\/not018.pdf\" data-type=\"attachment\" data-id=\"162\">Baixe o pdf aqui<\/a><\/p>\n<\/div>\n\n\n\n<div class=\"wp-block-column is-layout-flow wp-block-column-is-layout-flow\">\n<p class=\"has-text-align-center\">Edi\u00e7\u00e3o 19 &#8211; Dezembro<\/p>\n\n\n\n<figure class=\"wp-block-image size-full is-resized\"><img decoding=\"async\" src=\"https:\/\/jornaloarauto.com.br\/wp-content\/uploads\/2023\/09\/not019.png\" alt=\"\" class=\"wp-image-288\" style=\"width:274px;height:310px\" width=\"274\" height=\"310\" title=\"\" srcset=\"https:\/\/jornaloarauto.com.br\/wp-content\/uploads\/2023\/09\/not019.png 400w, https:\/\/jornaloarauto.com.br\/wp-content\/uploads\/2023\/09\/not019-265x300.png 265w, https:\/\/jornaloarauto.com.br\/wp-content\/uploads\/2023\/09\/not019-53x60.png 53w\" sizes=\"(max-width: 274px) 100vw, 274px\" \/><\/figure>\n\n\n\n<p class=\"has-text-align-center\"><a href=\"https:\/\/jornaloarauto.com.br\/wp-content\/uploads\/2023\/09\/not019.pdf\" data-type=\"attachment\" data-id=\"163\">Baixe o pdf aqui<\/a><\/p>\n<\/div>\n<\/div>\n","protected":false},"excerpt":{"rendered":"<p>Edi\u00e7\u00e3o 8 &#8211; Janeiro Baixe o pdf aqui Edi\u00e7\u00e3o 9 &#8211; Fevereiro Baixe o pdf aqui Edi\u00e7\u00e3o 10 &#8211; Mar\u00e7o Baixe o pdf aqui Edi\u00e7\u00e3o 11 &#8211; Abril Baixe o pdf aqui Edi\u00e7\u00e3o 12 &#8211; Maio Baixe o pdf aqui Edi\u00e7\u00e3o 13 &#8211; Junho Baixe o pdf aqui Edi\u00e7\u00e3o 14 &#8211; Julho Baixe o pdf&#8230;<\/p>\n","protected":false},"author":1,"featured_media":0,"parent":0,"menu_order":0,"comment_status":"closed","ping_status":"closed","template":"","meta":{"footnotes":""},"class_list":["post-302","page","type-page","status-publish","hentry"],"_links":{"self":[{"href":"https:\/\/jornaloarauto.com.br\/index.php\/wp-json\/wp\/v2\/pages\/302","targetHints":{"allow":["GET"]}}],"collection":[{"href":"https:\/\/jornaloarauto.com.br\/index.php\/wp-json\/wp\/v2\/pages"}],"about":[{"href":"https:\/\/jornaloarauto.com.br\/index.php\/wp-json\/wp\/v2\/types\/page"}],"author":[{"embeddable":true,"href":"https:\/\/jornaloarauto.com.br\/index.php\/wp-json\/wp\/v2\/users\/1"}],"replies":[{"embeddable":true,"href":"https:\/\/jornaloarauto.com.br\/index.php\/wp-json\/wp\/v2\/comments?post=302"}],"version-history":[{"count":0,"href":"https:\/\/jornaloarauto.com.br\/index.php\/wp-json\/wp\/v2\/pages\/302\/revisions"}],"wp:attachment":[{"href":"https:\/\/jornaloarauto.com.br\/index.php\/wp-json\/wp\/v2\/media?parent=302"}],"curies":[{"name":"wp","href":"https:\/\/api.w.org\/{rel}","templated":true}]}}