{"id":3549,"date":"2026-01-03T13:05:46","date_gmt":"2026-01-03T16:05:46","guid":{"rendered":"https:\/\/jornaloarauto.com.br\/?page_id=3549"},"modified":"2026-04-19T12:25:26","modified_gmt":"2026-04-19T15:25:26","slug":"2026-2","status":"publish","type":"page","link":"https:\/\/jornaloarauto.com.br\/index.php\/2026-2\/","title":{"rendered":"2026"},"content":{"rendered":"\n<div class=\"wp-block-columns is-layout-flex wp-container-core-columns-is-layout-9d6595d7 wp-block-columns-is-layout-flex\">\n<div class=\"wp-block-column is-layout-flow wp-block-column-is-layout-flow\">\n<p class=\"has-text-align-center\"><strong>02 de Janeiro &#8211; Edi\u00e7\u00e3o 126<\/strong><\/p>\n\n\n\n<figure class=\"wp-block-image size-large\"><a href=\"https:\/\/jornaloarauto.com.br\/wp-content\/uploads\/2026\/01\/Ed126pdf.pdf\"><img decoding=\"async\" width=\"751\" height=\"1024\" src=\"https:\/\/jornaloarauto.com.br\/wp-content\/uploads\/2026\/01\/Ed126capa-751x1024.png\" alt=\"\" class=\"wp-image-3565\" title=\"\" srcset=\"https:\/\/jornaloarauto.com.br\/wp-content\/uploads\/2026\/01\/Ed126capa-751x1024.png 751w, https:\/\/jornaloarauto.com.br\/wp-content\/uploads\/2026\/01\/Ed126capa-220x300.png 220w, https:\/\/jornaloarauto.com.br\/wp-content\/uploads\/2026\/01\/Ed126capa-768x1047.png 768w, https:\/\/jornaloarauto.com.br\/wp-content\/uploads\/2026\/01\/Ed126capa.png 900w\" sizes=\"(max-width: 751px) 100vw, 751px\" \/><\/a><\/figure>\n<\/div>\n\n\n\n<div class=\"wp-block-column is-layout-flow wp-block-column-is-layout-flow\">\n<p class=\"has-text-align-center\"><strong>09 de Janeiro &#8211; Edi\u00e7\u00e3o 127<\/strong><\/p>\n\n\n\n<figure class=\"wp-block-image size-large\"><a href=\"https:\/\/jornaloarauto.com.br\/wp-content\/uploads\/2026\/01\/Ed127pdf.pdf\"><img decoding=\"async\" width=\"751\" height=\"1024\" src=\"https:\/\/jornaloarauto.com.br\/wp-content\/uploads\/2026\/01\/Ed127capa-751x1024.png\" alt=\"\" class=\"wp-image-3588\" title=\"\" srcset=\"https:\/\/jornaloarauto.com.br\/wp-content\/uploads\/2026\/01\/Ed127capa-751x1024.png 751w, https:\/\/jornaloarauto.com.br\/wp-content\/uploads\/2026\/01\/Ed127capa-220x300.png 220w, https:\/\/jornaloarauto.com.br\/wp-content\/uploads\/2026\/01\/Ed127capa-768x1047.png 768w, https:\/\/jornaloarauto.com.br\/wp-content\/uploads\/2026\/01\/Ed127capa.png 900w\" sizes=\"(max-width: 751px) 100vw, 751px\" \/><\/a><\/figure>\n<\/div>\n\n\n\n<div class=\"wp-block-column is-layout-flow wp-block-column-is-layout-flow\">\n<p class=\"has-text-align-center\"><strong>16 de Janeiro &#8211; Edi\u00e7\u00e3o 128<\/strong><\/p>\n\n\n\n<figure class=\"wp-block-image size-large\"><a href=\"https:\/\/jornaloarauto.com.br\/wp-content\/uploads\/2026\/01\/Ed128pdf.pdf\"><img decoding=\"async\" width=\"751\" height=\"1024\" src=\"https:\/\/jornaloarauto.com.br\/wp-content\/uploads\/2026\/01\/Ed128capa-751x1024.png\" alt=\"\" class=\"wp-image-3594\" title=\"\" srcset=\"https:\/\/jornaloarauto.com.br\/wp-content\/uploads\/2026\/01\/Ed128capa-751x1024.png 751w, https:\/\/jornaloarauto.com.br\/wp-content\/uploads\/2026\/01\/Ed128capa-220x300.png 220w, https:\/\/jornaloarauto.com.br\/wp-content\/uploads\/2026\/01\/Ed128capa-768x1047.png 768w, https:\/\/jornaloarauto.com.br\/wp-content\/uploads\/2026\/01\/Ed128capa.png 900w\" sizes=\"(max-width: 751px) 100vw, 751px\" \/><\/a><\/figure>\n<\/div>\n<\/div>\n\n\n\n<div class=\"wp-block-columns is-layout-flex wp-container-core-columns-is-layout-9d6595d7 wp-block-columns-is-layout-flex\">\n<div class=\"wp-block-column is-layout-flow wp-block-column-is-layout-flow\">\n<p class=\"has-text-align-center\"><strong>23 de Janeiro &#8211; Edi\u00e7\u00e3o 129<\/strong><\/p>\n\n\n\n<figure class=\"wp-block-image size-large\"><a href=\"https:\/\/jornaloarauto.com.br\/wp-content\/uploads\/2026\/01\/Ed129pdf.pdf\"><img decoding=\"async\" width=\"751\" height=\"1024\" src=\"https:\/\/jornaloarauto.com.br\/wp-content\/uploads\/2026\/01\/Ed129capa-751x1024.png\" alt=\"\" class=\"wp-image-3619\" title=\"\" srcset=\"https:\/\/jornaloarauto.com.br\/wp-content\/uploads\/2026\/01\/Ed129capa-751x1024.png 751w, https:\/\/jornaloarauto.com.br\/wp-content\/uploads\/2026\/01\/Ed129capa-220x300.png 220w, https:\/\/jornaloarauto.com.br\/wp-content\/uploads\/2026\/01\/Ed129capa-768x1047.png 768w, https:\/\/jornaloarauto.com.br\/wp-content\/uploads\/2026\/01\/Ed129capa.png 900w\" sizes=\"(max-width: 751px) 100vw, 751px\" \/><\/a><\/figure>\n<\/div>\n\n\n\n<div class=\"wp-block-column is-layout-flow wp-block-column-is-layout-flow\">\n<p class=\"has-text-align-center\"><strong>30 de Janeiro &#8211; Edi\u00e7\u00e3o 130<\/strong><\/p>\n\n\n\n<figure class=\"wp-block-image size-full\"><a href=\"https:\/\/jornaloarauto.com.br\/wp-content\/uploads\/2026\/01\/Ed130pdf.pdf\"><img decoding=\"async\" width=\"900\" height=\"1015\" src=\"https:\/\/jornaloarauto.com.br\/wp-content\/uploads\/2026\/01\/Ed130capa.png\" alt=\"\" class=\"wp-image-3638\" title=\"\" srcset=\"https:\/\/jornaloarauto.com.br\/wp-content\/uploads\/2026\/01\/Ed130capa.png 900w, https:\/\/jornaloarauto.com.br\/wp-content\/uploads\/2026\/01\/Ed130capa-266x300.png 266w, https:\/\/jornaloarauto.com.br\/wp-content\/uploads\/2026\/01\/Ed130capa-768x866.png 768w\" sizes=\"(max-width: 900px) 100vw, 900px\" \/><\/a><\/figure>\n<\/div>\n\n\n\n<div class=\"wp-block-column is-layout-flow wp-block-column-is-layout-flow\">\n<p class=\"has-text-align-center\"><strong>06 de Fevereiro &#8211; Edi\u00e7\u00e3o 131<\/strong><\/p>\n\n\n\n<figure class=\"wp-block-image size-large\"><a href=\"https:\/\/jornaloarauto.com.br\/wp-content\/uploads\/2026\/02\/Ed131pdf.pdf\"><img decoding=\"async\" width=\"751\" height=\"1024\" src=\"https:\/\/jornaloarauto.com.br\/wp-content\/uploads\/2026\/02\/Ed131capa-751x1024.png\" alt=\"\" class=\"wp-image-3681\" title=\"\" srcset=\"https:\/\/jornaloarauto.com.br\/wp-content\/uploads\/2026\/02\/Ed131capa-751x1024.png 751w, https:\/\/jornaloarauto.com.br\/wp-content\/uploads\/2026\/02\/Ed131capa-220x300.png 220w, https:\/\/jornaloarauto.com.br\/wp-content\/uploads\/2026\/02\/Ed131capa-768x1047.png 768w, https:\/\/jornaloarauto.com.br\/wp-content\/uploads\/2026\/02\/Ed131capa.png 900w\" sizes=\"(max-width: 751px) 100vw, 751px\" \/><\/a><\/figure>\n<\/div>\n<\/div>\n\n\n\n<div class=\"wp-block-columns is-layout-flex wp-container-core-columns-is-layout-9d6595d7 wp-block-columns-is-layout-flex\">\n<div class=\"wp-block-column is-layout-flow wp-block-column-is-layout-flow\">\n<p class=\"has-text-align-center\"><strong>13 de Fevereiro &#8211; Edi\u00e7\u00e3o 132<\/strong><\/p>\n\n\n\n<figure class=\"wp-block-image size-large\"><a href=\"https:\/\/jornaloarauto.com.br\/wp-content\/uploads\/2026\/02\/Ed132pdf.pdf\"><img decoding=\"async\" width=\"751\" height=\"1024\" src=\"https:\/\/jornaloarauto.com.br\/wp-content\/uploads\/2026\/02\/Ed132capa-751x1024.png\" alt=\"\" class=\"wp-image-3733\" title=\"\" srcset=\"https:\/\/jornaloarauto.com.br\/wp-content\/uploads\/2026\/02\/Ed132capa-751x1024.png 751w, https:\/\/jornaloarauto.com.br\/wp-content\/uploads\/2026\/02\/Ed132capa-220x300.png 220w, https:\/\/jornaloarauto.com.br\/wp-content\/uploads\/2026\/02\/Ed132capa-768x1047.png 768w, https:\/\/jornaloarauto.com.br\/wp-content\/uploads\/2026\/02\/Ed132capa.png 900w\" sizes=\"(max-width: 751px) 100vw, 751px\" \/><\/a><\/figure>\n<\/div>\n\n\n\n<div class=\"wp-block-column is-layout-flow wp-block-column-is-layout-flow\">\n<p class=\"has-text-align-center\"><strong>20 de Fevereiro &#8211; Edi\u00e7\u00e3o 133<\/strong><\/p>\n\n\n\n<figure class=\"wp-block-image size-large\"><a href=\"https:\/\/jornaloarauto.com.br\/wp-content\/uploads\/2026\/02\/Ed133pdf.pdf\"><img decoding=\"async\" width=\"751\" height=\"1024\" src=\"https:\/\/jornaloarauto.com.br\/wp-content\/uploads\/2026\/02\/Ed133capa-751x1024.png\" alt=\"\" class=\"wp-image-3763\" title=\"\" srcset=\"https:\/\/jornaloarauto.com.br\/wp-content\/uploads\/2026\/02\/Ed133capa-751x1024.png 751w, https:\/\/jornaloarauto.com.br\/wp-content\/uploads\/2026\/02\/Ed133capa-220x300.png 220w, https:\/\/jornaloarauto.com.br\/wp-content\/uploads\/2026\/02\/Ed133capa-768x1047.png 768w, https:\/\/jornaloarauto.com.br\/wp-content\/uploads\/2026\/02\/Ed133capa.png 900w\" sizes=\"(max-width: 751px) 100vw, 751px\" \/><\/a><\/figure>\n<\/div>\n\n\n\n<div class=\"wp-block-column is-layout-flow wp-block-column-is-layout-flow\">\n<p class=\"has-text-align-center\"><strong>27 de Fevereiro &#8211; Edi\u00e7\u00e3o 134<\/strong><\/p>\n\n\n\n<figure class=\"wp-block-image size-full\"><a href=\"https:\/\/jornaloarauto.com.br\/wp-content\/uploads\/2026\/03\/Ed134pdf.pdf\"><img decoding=\"async\" width=\"900\" height=\"1015\" src=\"https:\/\/jornaloarauto.com.br\/wp-content\/uploads\/2026\/03\/Ed134capa.png\" alt=\"\" class=\"wp-image-3769\" title=\"\" srcset=\"https:\/\/jornaloarauto.com.br\/wp-content\/uploads\/2026\/03\/Ed134capa.png 900w, https:\/\/jornaloarauto.com.br\/wp-content\/uploads\/2026\/03\/Ed134capa-266x300.png 266w, https:\/\/jornaloarauto.com.br\/wp-content\/uploads\/2026\/03\/Ed134capa-768x866.png 768w\" sizes=\"(max-width: 900px) 100vw, 900px\" \/><\/a><\/figure>\n<\/div>\n<\/div>\n\n\n\n<div class=\"wp-block-columns is-layout-flex wp-container-core-columns-is-layout-9d6595d7 wp-block-columns-is-layout-flex\">\n<div class=\"wp-block-column is-layout-flow wp-block-column-is-layout-flow\">\n<p class=\"has-text-align-center\"><strong>06 de Mar\u00e7o &#8211; Edi\u00e7\u00e3o 135<\/strong><\/p>\n\n\n\n<figure class=\"wp-block-image size-large\"><a href=\"https:\/\/jornaloarauto.com.br\/wp-content\/uploads\/2026\/03\/Ed135pdf.pdf\"><img decoding=\"async\" width=\"751\" height=\"1024\" src=\"https:\/\/jornaloarauto.com.br\/wp-content\/uploads\/2026\/03\/Ed135capa-751x1024.png\" alt=\"\" class=\"wp-image-3807\" title=\"\" srcset=\"https:\/\/jornaloarauto.com.br\/wp-content\/uploads\/2026\/03\/Ed135capa-751x1024.png 751w, https:\/\/jornaloarauto.com.br\/wp-content\/uploads\/2026\/03\/Ed135capa-220x300.png 220w, https:\/\/jornaloarauto.com.br\/wp-content\/uploads\/2026\/03\/Ed135capa-768x1047.png 768w, https:\/\/jornaloarauto.com.br\/wp-content\/uploads\/2026\/03\/Ed135capa.png 900w\" sizes=\"(max-width: 751px) 100vw, 751px\" \/><\/a><\/figure>\n<\/div>\n\n\n\n<div class=\"wp-block-column is-layout-flow wp-block-column-is-layout-flow\">\n<p class=\"has-text-align-center\"><strong>13 de Mar\u00e7o &#8211; Edi\u00e7\u00e3o 136<\/strong><\/p>\n\n\n\n<figure class=\"wp-block-image size-large\"><a href=\"https:\/\/jornaloarauto.com.br\/wp-content\/uploads\/2026\/03\/Ed136pdf.pdf\"><img decoding=\"async\" width=\"751\" height=\"1024\" src=\"https:\/\/jornaloarauto.com.br\/wp-content\/uploads\/2026\/03\/Ed136capa-751x1024.png\" alt=\"\" class=\"wp-image-3861\" title=\"\" srcset=\"https:\/\/jornaloarauto.com.br\/wp-content\/uploads\/2026\/03\/Ed136capa-751x1024.png 751w, https:\/\/jornaloarauto.com.br\/wp-content\/uploads\/2026\/03\/Ed136capa-220x300.png 220w, https:\/\/jornaloarauto.com.br\/wp-content\/uploads\/2026\/03\/Ed136capa-768x1047.png 768w, https:\/\/jornaloarauto.com.br\/wp-content\/uploads\/2026\/03\/Ed136capa.png 900w\" sizes=\"(max-width: 751px) 100vw, 751px\" \/><\/a><\/figure>\n<\/div>\n\n\n\n<div class=\"wp-block-column is-layout-flow wp-block-column-is-layout-flow\">\n<p class=\"has-text-align-center\"><strong>20 de Mar\u00e7o &#8211; Edi\u00e7\u00e3o 137<\/strong><\/p>\n\n\n\n<figure class=\"wp-block-image size-large\"><a href=\"https:\/\/jornaloarauto.com.br\/wp-content\/uploads\/2026\/03\/Ed137pdf.pdf\"><img decoding=\"async\" width=\"751\" height=\"1024\" src=\"https:\/\/jornaloarauto.com.br\/wp-content\/uploads\/2026\/03\/Ed137capa-751x1024.png\" alt=\"\" class=\"wp-image-3889\" title=\"\" srcset=\"https:\/\/jornaloarauto.com.br\/wp-content\/uploads\/2026\/03\/Ed137capa-751x1024.png 751w, https:\/\/jornaloarauto.com.br\/wp-content\/uploads\/2026\/03\/Ed137capa-220x300.png 220w, https:\/\/jornaloarauto.com.br\/wp-content\/uploads\/2026\/03\/Ed137capa-768x1047.png 768w, https:\/\/jornaloarauto.com.br\/wp-content\/uploads\/2026\/03\/Ed137capa.png 900w\" sizes=\"(max-width: 751px) 100vw, 751px\" \/><\/a><\/figure>\n<\/div>\n<\/div>\n\n\n\n<div class=\"wp-block-columns is-layout-flex wp-container-core-columns-is-layout-9d6595d7 wp-block-columns-is-layout-flex\">\n<div class=\"wp-block-column is-layout-flow wp-block-column-is-layout-flow\">\n<p class=\"has-text-align-center\"><strong>27 de Mar\u00e7o &#8211; Edi\u00e7\u00e3o 138<\/strong><\/p>\n\n\n\n<figure class=\"wp-block-image size-full\"><a href=\"https:\/\/jornaloarauto.com.br\/wp-content\/uploads\/2026\/03\/Ed138pdf.pdf\"><img decoding=\"async\" width=\"900\" height=\"1015\" src=\"https:\/\/jornaloarauto.com.br\/wp-content\/uploads\/2026\/03\/Ed138capa.png\" alt=\"\" class=\"wp-image-3938\" title=\"\" srcset=\"https:\/\/jornaloarauto.com.br\/wp-content\/uploads\/2026\/03\/Ed138capa.png 900w, https:\/\/jornaloarauto.com.br\/wp-content\/uploads\/2026\/03\/Ed138capa-266x300.png 266w, https:\/\/jornaloarauto.com.br\/wp-content\/uploads\/2026\/03\/Ed138capa-768x866.png 768w\" sizes=\"(max-width: 900px) 100vw, 900px\" \/><\/a><\/figure>\n<\/div>\n\n\n\n<div class=\"wp-block-column is-layout-flow wp-block-column-is-layout-flow\">\n<p class=\"has-text-align-center\"><strong>03 de Abril &#8211; Edi\u00e7\u00e3o 139<\/strong><\/p>\n\n\n\n<figure class=\"wp-block-image size-large\"><a href=\"https:\/\/jornaloarauto.com.br\/wp-content\/uploads\/2026\/04\/Ed139pdf.pdf\"><img decoding=\"async\" width=\"751\" height=\"1024\" src=\"https:\/\/jornaloarauto.com.br\/wp-content\/uploads\/2026\/04\/Ed139capa-751x1024.png\" alt=\"\" class=\"wp-image-3999\" title=\"\" srcset=\"https:\/\/jornaloarauto.com.br\/wp-content\/uploads\/2026\/04\/Ed139capa-751x1024.png 751w, https:\/\/jornaloarauto.com.br\/wp-content\/uploads\/2026\/04\/Ed139capa-220x300.png 220w, https:\/\/jornaloarauto.com.br\/wp-content\/uploads\/2026\/04\/Ed139capa-768x1047.png 768w, https:\/\/jornaloarauto.com.br\/wp-content\/uploads\/2026\/04\/Ed139capa.png 900w\" sizes=\"(max-width: 751px) 100vw, 751px\" \/><\/a><\/figure>\n<\/div>\n\n\n\n<div class=\"wp-block-column is-layout-flow wp-block-column-is-layout-flow\">\n<p class=\"has-text-align-center\"><strong>10 de Abril &#8211; Edi\u00e7\u00e3o 140<\/strong><\/p>\n\n\n\n<figure class=\"wp-block-image size-large\"><a href=\"https:\/\/jornaloarauto.com.br\/wp-content\/uploads\/2026\/04\/Ed140pdf.pdf\"><img decoding=\"async\" width=\"751\" height=\"1024\" src=\"https:\/\/jornaloarauto.com.br\/wp-content\/uploads\/2026\/04\/Ed140capa-751x1024.png\" alt=\"\" class=\"wp-image-4012\" title=\"\" srcset=\"https:\/\/jornaloarauto.com.br\/wp-content\/uploads\/2026\/04\/Ed140capa-751x1024.png 751w, https:\/\/jornaloarauto.com.br\/wp-content\/uploads\/2026\/04\/Ed140capa-220x300.png 220w, https:\/\/jornaloarauto.com.br\/wp-content\/uploads\/2026\/04\/Ed140capa-768x1047.png 768w, https:\/\/jornaloarauto.com.br\/wp-content\/uploads\/2026\/04\/Ed140capa.png 900w\" sizes=\"(max-width: 751px) 100vw, 751px\" \/><\/a><\/figure>\n<\/div>\n<\/div>\n\n\n\n<div class=\"wp-block-columns is-layout-flex wp-container-core-columns-is-layout-9d6595d7 wp-block-columns-is-layout-flex\">\n<div class=\"wp-block-column is-layout-flow wp-block-column-is-layout-flow\">\n<p class=\"has-text-align-center\"><strong>17 de Abril &#8211; Edi\u00e7\u00e3o 141<\/strong><\/p>\n\n\n\n<figure class=\"wp-block-image size-large\"><a href=\"https:\/\/jornaloarauto.com.br\/wp-content\/uploads\/2026\/04\/Ed141pdf.pdf\"><img decoding=\"async\" width=\"751\" height=\"1024\" src=\"https:\/\/jornaloarauto.com.br\/wp-content\/uploads\/2026\/04\/Ed141capa-751x1024.png\" alt=\"\" class=\"wp-image-4072\" title=\"\" srcset=\"https:\/\/jornaloarauto.com.br\/wp-content\/uploads\/2026\/04\/Ed141capa-751x1024.png 751w, https:\/\/jornaloarauto.com.br\/wp-content\/uploads\/2026\/04\/Ed141capa-220x300.png 220w, https:\/\/jornaloarauto.com.br\/wp-content\/uploads\/2026\/04\/Ed141capa-768x1047.png 768w, https:\/\/jornaloarauto.com.br\/wp-content\/uploads\/2026\/04\/Ed141capa.png 900w\" sizes=\"(max-width: 751px) 100vw, 751px\" \/><\/a><\/figure>\n<\/div>\n\n\n\n<div class=\"wp-block-column is-layout-flow wp-block-column-is-layout-flow\"><\/div>\n\n\n\n<div class=\"wp-block-column is-layout-flow wp-block-column-is-layout-flow\"><\/div>\n<\/div>\n","protected":false},"excerpt":{"rendered":"<p>02 de Janeiro &#8211; Edi\u00e7\u00e3o 126 09 de Janeiro &#8211; Edi\u00e7\u00e3o 127 16 de Janeiro &#8211; Edi\u00e7\u00e3o 128 23 de Janeiro &#8211; Edi\u00e7\u00e3o 129 30 de Janeiro &#8211; Edi\u00e7\u00e3o 130 06 de Fevereiro &#8211; Edi\u00e7\u00e3o 131 13 de Fevereiro &#8211; Edi\u00e7\u00e3o 132 20 de Fevereiro &#8211; Edi\u00e7\u00e3o 133 27 de Fevereiro &#8211; Edi\u00e7\u00e3o 134 06&#8230;<\/p>\n","protected":false},"author":1,"featured_media":0,"parent":0,"menu_order":0,"comment_status":"closed","ping_status":"closed","template":"","meta":{"footnotes":""},"class_list":["post-3549","page","type-page","status-publish","hentry"],"_links":{"self":[{"href":"https:\/\/jornaloarauto.com.br\/index.php\/wp-json\/wp\/v2\/pages\/3549","targetHints":{"allow":["GET"]}}],"collection":[{"href":"https:\/\/jornaloarauto.com.br\/index.php\/wp-json\/wp\/v2\/pages"}],"about":[{"href":"https:\/\/jornaloarauto.com.br\/index.php\/wp-json\/wp\/v2\/types\/page"}],"author":[{"embeddable":true,"href":"https:\/\/jornaloarauto.com.br\/index.php\/wp-json\/wp\/v2\/users\/1"}],"replies":[{"embeddable":true,"href":"https:\/\/jornaloarauto.com.br\/index.php\/wp-json\/wp\/v2\/comments?post=3549"}],"version-history":[{"count":2,"href":"https:\/\/jornaloarauto.com.br\/index.php\/wp-json\/wp\/v2\/pages\/3549\/revisions"}],"predecessor-version":[{"id":4074,"href":"https:\/\/jornaloarauto.com.br\/index.php\/wp-json\/wp\/v2\/pages\/3549\/revisions\/4074"}],"wp:attachment":[{"href":"https:\/\/jornaloarauto.com.br\/index.php\/wp-json\/wp\/v2\/media?parent=3549"}],"curies":[{"name":"wp","href":"https:\/\/api.w.org\/{rel}","templated":true}]}}