{"id":466,"date":"2024-02-04T10:03:42","date_gmt":"2024-02-04T13:03:42","guid":{"rendered":"https:\/\/jornaloarauto.com.br\/?page_id=466"},"modified":"2024-12-22T09:53:50","modified_gmt":"2024-12-22T12:53:50","slug":"2024-2","status":"publish","type":"page","link":"https:\/\/jornaloarauto.com.br\/index.php\/2024-2\/","title":{"rendered":"2024"},"content":{"rendered":"\n<div class=\"wp-block-columns is-layout-flex wp-container-core-columns-is-layout-9d6595d7 wp-block-columns-is-layout-flex\">\n<div class=\"wp-block-column is-layout-flow wp-block-column-is-layout-flow\">\n<p class=\"has-text-align-center\">Edi\u00e7\u00e3o 74 &#8211; Janeiro<\/p>\n\n\n\n<figure class=\"wp-block-image size-full is-resized\"><a href=\"https:\/\/jornaloarauto.com.br\/wp-content\/uploads\/2024\/02\/Ed074.pdf\"><img decoding=\"async\" width=\"400\" height=\"451\" src=\"https:\/\/jornaloarauto.com.br\/wp-content\/uploads\/2024\/02\/Ed074capa.png\" alt=\"\" class=\"wp-image-467\" style=\"aspect-ratio:0.8869179600886918;width:274px;height:auto\" title=\"\" srcset=\"https:\/\/jornaloarauto.com.br\/wp-content\/uploads\/2024\/02\/Ed074capa.png 400w, https:\/\/jornaloarauto.com.br\/wp-content\/uploads\/2024\/02\/Ed074capa-266x300.png 266w\" sizes=\"(max-width: 400px) 100vw, 400px\" \/><\/a><\/figure>\n\n\n\n<p class=\"has-text-align-center\"><a href=\"https:\/\/jornaloarauto.com.br\/wp-content\/uploads\/2024\/02\/Ed074.pdf\" data-type=\"attachment\" data-id=\"471\">Baixe o pdf aqui<\/a><\/p>\n<\/div>\n\n\n\n<div class=\"wp-block-column is-layout-flow wp-block-column-is-layout-flow\">\n<p class=\"has-text-align-center\">Edi\u00e7\u00e3o 75 &#8211; Fevereiro<\/p>\n\n\n\n<figure class=\"wp-block-image size-full is-resized\"><a href=\"https:\/\/jornaloarauto.com.br\/wp-content\/uploads\/2024\/03\/Ed075pdf.pdf\"><img decoding=\"async\" width=\"400\" height=\"451\" src=\"https:\/\/jornaloarauto.com.br\/wp-content\/uploads\/2024\/03\/Ed075capa.png\" alt=\"\" class=\"wp-image-549\" style=\"aspect-ratio:0.8869179600886918;width:274px;height:auto\" title=\"\" srcset=\"https:\/\/jornaloarauto.com.br\/wp-content\/uploads\/2024\/03\/Ed075capa.png 400w, https:\/\/jornaloarauto.com.br\/wp-content\/uploads\/2024\/03\/Ed075capa-266x300.png 266w\" sizes=\"(max-width: 400px) 100vw, 400px\" \/><\/a><\/figure>\n\n\n\n<p class=\"has-text-align-center\"><a href=\"https:\/\/jornaloarauto.com.br\/wp-content\/uploads\/2024\/03\/Ed075pdf.pdf\" data-type=\"attachment\" data-id=\"551\">Baixe o pdf aqui<\/a><\/p>\n<\/div>\n\n\n\n<div class=\"wp-block-column is-layout-flow wp-block-column-is-layout-flow\">\n<p class=\"has-text-align-center\">Edi\u00e7\u00e3o 76 &#8211; Mar\u00e7o<\/p>\n\n\n\n<figure class=\"wp-block-image size-full is-resized\"><a href=\"https:\/\/jornaloarauto.com.br\/wp-content\/uploads\/2024\/04\/Ed076pdf.pdf\"><img decoding=\"async\" width=\"400\" height=\"451\" src=\"https:\/\/jornaloarauto.com.br\/wp-content\/uploads\/2024\/04\/Ed076capa.png\" alt=\"\" class=\"wp-image-590\" style=\"aspect-ratio:0.8869179600886918;width:274px;height:auto\" title=\"\" srcset=\"https:\/\/jornaloarauto.com.br\/wp-content\/uploads\/2024\/04\/Ed076capa.png 400w, https:\/\/jornaloarauto.com.br\/wp-content\/uploads\/2024\/04\/Ed076capa-266x300.png 266w\" sizes=\"(max-width: 400px) 100vw, 400px\" \/><\/a><\/figure>\n\n\n\n<p class=\"has-text-align-center\"><a href=\"https:\/\/jornaloarauto.com.br\/wp-content\/uploads\/2024\/04\/Ed076pdf.pdf\" data-type=\"attachment\" data-id=\"592\">Baixe o pdf aqui<\/a><\/p>\n<\/div>\n<\/div>\n\n\n\n<div class=\"wp-block-columns is-layout-flex wp-container-core-columns-is-layout-9d6595d7 wp-block-columns-is-layout-flex\">\n<div class=\"wp-block-column is-layout-flow wp-block-column-is-layout-flow\">\n<p class=\"has-text-align-center\">Edi\u00e7\u00e3o 77 &#8211; Abril<\/p>\n\n\n\n<figure class=\"wp-block-image size-full is-resized\"><a href=\"https:\/\/jornaloarauto.com.br\/wp-content\/uploads\/2024\/05\/Ed077pdf.pdf\"><img decoding=\"async\" width=\"400\" height=\"451\" src=\"https:\/\/jornaloarauto.com.br\/wp-content\/uploads\/2024\/05\/Ed077capa.png\" alt=\"\" class=\"wp-image-770\" style=\"aspect-ratio:0.8869179600886918;width:274px;height:auto\" title=\"\" srcset=\"https:\/\/jornaloarauto.com.br\/wp-content\/uploads\/2024\/05\/Ed077capa.png 400w, https:\/\/jornaloarauto.com.br\/wp-content\/uploads\/2024\/05\/Ed077capa-266x300.png 266w\" sizes=\"(max-width: 400px) 100vw, 400px\" \/><\/a><\/figure>\n\n\n\n<p class=\"has-text-align-center\"><a href=\"https:\/\/jornaloarauto.com.br\/wp-content\/uploads\/2024\/05\/Ed077pdf.pdf\" data-type=\"attachment\" data-id=\"771\">Baixe o pdf aqui<\/a><\/p>\n<\/div>\n\n\n\n<div class=\"wp-block-column is-layout-flow wp-block-column-is-layout-flow\">\n<p class=\"has-text-align-center\">Edi\u00e7\u00e3o 78 &#8211; Abril<\/p>\n\n\n\n<figure class=\"wp-block-image size-full is-resized\"><a href=\"https:\/\/jornaloarauto.com.br\/wp-content\/uploads\/2024\/05\/Ed078pdf.pdf\"><img decoding=\"async\" width=\"400\" height=\"451\" src=\"https:\/\/jornaloarauto.com.br\/wp-content\/uploads\/2024\/05\/Ed078capa.png\" alt=\"\" class=\"wp-image-795\" style=\"aspect-ratio:0.8869179600886918;width:274px;height:auto\" title=\"\" srcset=\"https:\/\/jornaloarauto.com.br\/wp-content\/uploads\/2024\/05\/Ed078capa.png 400w, https:\/\/jornaloarauto.com.br\/wp-content\/uploads\/2024\/05\/Ed078capa-266x300.png 266w\" sizes=\"(max-width: 400px) 100vw, 400px\" \/><\/a><\/figure>\n\n\n\n<p class=\"has-text-align-center\"><a href=\"https:\/\/jornaloarauto.com.br\/wp-content\/uploads\/2024\/05\/Ed078pdf.pdf\" data-type=\"attachment\" data-id=\"796\">Baixe o pdf aqui<\/a><\/p>\n<\/div>\n\n\n\n<div class=\"wp-block-column is-layout-flow wp-block-column-is-layout-flow\">\n<p class=\"has-text-align-center\">Edi\u00e7\u00e3o 79 &#8211; Maio<\/p>\n\n\n\n<figure class=\"wp-block-image size-full is-resized\"><a href=\"https:\/\/jornaloarauto.com.br\/wp-content\/uploads\/2024\/06\/Ed079pdf.pdf\"><img decoding=\"async\" width=\"400\" height=\"451\" src=\"https:\/\/jornaloarauto.com.br\/wp-content\/uploads\/2024\/06\/Ed079capa.png\" alt=\"\" class=\"wp-image-914\" style=\"width:274px;height:auto\" title=\"\" srcset=\"https:\/\/jornaloarauto.com.br\/wp-content\/uploads\/2024\/06\/Ed079capa.png 400w, https:\/\/jornaloarauto.com.br\/wp-content\/uploads\/2024\/06\/Ed079capa-266x300.png 266w\" sizes=\"(max-width: 400px) 100vw, 400px\" \/><\/a><\/figure>\n\n\n\n<p class=\"has-text-align-center\"><a href=\"https:\/\/jornaloarauto.com.br\/wp-content\/uploads\/2024\/06\/Ed079pdf.pdf\" data-type=\"attachment\" data-id=\"915\">Baixe o pdf aqui<\/a><\/p>\n<\/div>\n<\/div>\n\n\n\n<div class=\"wp-block-columns is-layout-flex wp-container-core-columns-is-layout-9d6595d7 wp-block-columns-is-layout-flex\">\n<div class=\"wp-block-column is-layout-flow wp-block-column-is-layout-flow\">\n<p class=\"has-text-align-center\">Edi\u00e7\u00e3o 80 &#8211; Junho<\/p>\n\n\n\n<figure class=\"wp-block-image size-full is-resized\"><a href=\"https:\/\/jornaloarauto.com.br\/wp-content\/uploads\/2024\/07\/Ed080pdf.pdf\"><img decoding=\"async\" width=\"400\" height=\"451\" src=\"https:\/\/jornaloarauto.com.br\/wp-content\/uploads\/2024\/07\/Ed080capa.png\" alt=\"\" class=\"wp-image-1086\" style=\"width:274px;height:auto\" title=\"\" srcset=\"https:\/\/jornaloarauto.com.br\/wp-content\/uploads\/2024\/07\/Ed080capa.png 400w, https:\/\/jornaloarauto.com.br\/wp-content\/uploads\/2024\/07\/Ed080capa-266x300.png 266w\" sizes=\"(max-width: 400px) 100vw, 400px\" \/><\/a><\/figure>\n\n\n\n<p class=\"has-text-align-center\"><a href=\"https:\/\/jornaloarauto.com.br\/wp-content\/uploads\/2024\/07\/Ed080pdf.pdf\" data-type=\"attachment\" data-id=\"1088\">Baixe o pdf aqui<\/a><\/p>\n<\/div>\n\n\n\n<div class=\"wp-block-column is-layout-flow wp-block-column-is-layout-flow\">\n<p class=\"has-text-align-center\">Edi\u00e7\u00e3o 81 &#8211; Julho<\/p>\n\n\n\n<figure class=\"wp-block-image size-full is-resized\"><a href=\"https:\/\/jornaloarauto.com.br\/wp-content\/uploads\/2024\/08\/Ed081pdf.pdf\"><img decoding=\"async\" width=\"400\" height=\"451\" src=\"https:\/\/jornaloarauto.com.br\/wp-content\/uploads\/2024\/08\/Ed081capa.png\" alt=\"\" class=\"wp-image-1232\" style=\"width:274px;height:auto\" title=\"\" srcset=\"https:\/\/jornaloarauto.com.br\/wp-content\/uploads\/2024\/08\/Ed081capa.png 400w, https:\/\/jornaloarauto.com.br\/wp-content\/uploads\/2024\/08\/Ed081capa-266x300.png 266w\" sizes=\"(max-width: 400px) 100vw, 400px\" \/><\/a><\/figure>\n\n\n\n<p class=\"has-text-align-center\"><a href=\"https:\/\/jornaloarauto.com.br\/wp-content\/uploads\/2024\/08\/Ed081pdf.pdf\" data-type=\"attachment\" data-id=\"1231\">Baixe o pdf aqui<\/a><\/p>\n<\/div>\n\n\n\n<div class=\"wp-block-column is-layout-flow wp-block-column-is-layout-flow\">\n<p class=\"has-text-align-center\">Edi\u00e7\u00e3o 82 &#8211; Agosto<\/p>\n\n\n\n<figure class=\"wp-block-image size-full is-resized\"><a href=\"https:\/\/jornaloarauto.com.br\/wp-content\/uploads\/2024\/09\/Ed082pdf.pdf\"><img decoding=\"async\" width=\"400\" height=\"451\" src=\"https:\/\/jornaloarauto.com.br\/wp-content\/uploads\/2024\/09\/Ed082capa.png\" alt=\"\" class=\"wp-image-1356\" style=\"width:274px;height:auto\" title=\"\" srcset=\"https:\/\/jornaloarauto.com.br\/wp-content\/uploads\/2024\/09\/Ed082capa.png 400w, https:\/\/jornaloarauto.com.br\/wp-content\/uploads\/2024\/09\/Ed082capa-266x300.png 266w\" sizes=\"(max-width: 400px) 100vw, 400px\" \/><\/a><\/figure>\n\n\n\n<p class=\"has-text-align-center\"><a href=\"https:\/\/jornaloarauto.com.br\/wp-content\/uploads\/2024\/09\/Ed082pdf.pdf\" data-type=\"attachment\" data-id=\"1357\">Baixe o pdf aqui<\/a><\/p>\n<\/div>\n<\/div>\n\n\n\n<div class=\"wp-block-columns is-layout-flex wp-container-core-columns-is-layout-9d6595d7 wp-block-columns-is-layout-flex\">\n<div class=\"wp-block-column is-layout-flow wp-block-column-is-layout-flow\">\n<p class=\"has-text-align-center\">Edi\u00e7\u00e3o 83 &#8211; Setembro<\/p>\n\n\n\n<figure class=\"wp-block-image size-full is-resized\"><a href=\"https:\/\/jornaloarauto.com.br\/wp-content\/uploads\/2024\/10\/Ed083pdf.pdf\"><img decoding=\"async\" width=\"400\" height=\"451\" src=\"https:\/\/jornaloarauto.com.br\/wp-content\/uploads\/2024\/10\/Ed083capa.png\" alt=\"\" class=\"wp-image-1446\" style=\"width:274px;height:auto\" title=\"\" srcset=\"https:\/\/jornaloarauto.com.br\/wp-content\/uploads\/2024\/10\/Ed083capa.png 400w, https:\/\/jornaloarauto.com.br\/wp-content\/uploads\/2024\/10\/Ed083capa-266x300.png 266w\" sizes=\"(max-width: 400px) 100vw, 400px\" \/><\/a><\/figure>\n\n\n\n<p class=\"has-text-align-center\"><a href=\"https:\/\/jornaloarauto.com.br\/wp-content\/uploads\/2024\/10\/Ed083pdf.pdf\" data-type=\"attachment\" data-id=\"1445\">Baixe o pdf aqui<\/a><\/p>\n<\/div>\n\n\n\n<div class=\"wp-block-column is-layout-flow wp-block-column-is-layout-flow\">\n<p class=\"has-text-align-center\">Edi\u00e7\u00e3o 84 &#8211; Outubro<\/p>\n\n\n\n<figure class=\"wp-block-image size-full is-resized\"><a href=\"https:\/\/jornaloarauto.com.br\/wp-content\/uploads\/2024\/11\/Ed084pdf.pdf\"><img decoding=\"async\" width=\"400\" height=\"451\" src=\"https:\/\/jornaloarauto.com.br\/wp-content\/uploads\/2024\/11\/Ed084capa.png\" alt=\"\" class=\"wp-image-1479\" style=\"width:274px;height:auto\" title=\"\" srcset=\"https:\/\/jornaloarauto.com.br\/wp-content\/uploads\/2024\/11\/Ed084capa.png 400w, https:\/\/jornaloarauto.com.br\/wp-content\/uploads\/2024\/11\/Ed084capa-266x300.png 266w\" sizes=\"(max-width: 400px) 100vw, 400px\" \/><\/a><\/figure>\n\n\n\n<p class=\"has-text-align-center\"><a href=\"https:\/\/jornaloarauto.com.br\/wp-content\/uploads\/2024\/11\/Ed084pdf.pdf\" data-type=\"attachment\" data-id=\"1478\">Baixe o pdf aqui<\/a><\/p>\n<\/div>\n\n\n\n<div class=\"wp-block-column is-layout-flow wp-block-column-is-layout-flow\">\n<p class=\"has-text-align-center\">Edi\u00e7\u00e3o 85 &#8211; Novembro<\/p>\n\n\n\n<figure class=\"wp-block-image size-full is-resized\"><a href=\"https:\/\/jornaloarauto.com.br\/wp-content\/uploads\/2024\/12\/Ed085pdf.pdf\"><img decoding=\"async\" width=\"754\" height=\"850\" src=\"https:\/\/jornaloarauto.com.br\/wp-content\/uploads\/2024\/12\/Ed085capa.png\" alt=\"\" class=\"wp-image-1634\" style=\"width:274px;height:auto\" title=\"\" srcset=\"https:\/\/jornaloarauto.com.br\/wp-content\/uploads\/2024\/12\/Ed085capa.png 754w, https:\/\/jornaloarauto.com.br\/wp-content\/uploads\/2024\/12\/Ed085capa-266x300.png 266w\" sizes=\"(max-width: 754px) 100vw, 754px\" \/><\/a><\/figure>\n\n\n\n<p class=\"has-text-align-center\"><a href=\"https:\/\/jornaloarauto.com.br\/wp-content\/uploads\/2024\/12\/Ed085pdf.pdf\" data-type=\"attachment\" data-id=\"1642\">Baixe o pdf aqui<\/a><\/p>\n<\/div>\n<\/div>\n\n\n\n<div class=\"wp-block-columns is-layout-flex wp-container-core-columns-is-layout-9d6595d7 wp-block-columns-is-layout-flex\">\n<div class=\"wp-block-column is-layout-flow wp-block-column-is-layout-flow\">\n<p class=\"has-text-align-center\">Edi\u00e7\u00e3o 86 &#8211; Dezembro<\/p>\n\n\n\n<figure class=\"wp-block-image size-full is-resized\"><a href=\"https:\/\/jornaloarauto.com.br\/wp-content\/uploads\/2024\/12\/Ed086pdf.pdf\"><img decoding=\"async\" width=\"754\" height=\"850\" src=\"https:\/\/jornaloarauto.com.br\/wp-content\/uploads\/2024\/12\/Ed086capa.png\" alt=\"\" class=\"wp-image-1782\" style=\"width:274px;height:auto\" title=\"\" srcset=\"https:\/\/jornaloarauto.com.br\/wp-content\/uploads\/2024\/12\/Ed086capa.png 754w, https:\/\/jornaloarauto.com.br\/wp-content\/uploads\/2024\/12\/Ed086capa-266x300.png 266w\" sizes=\"(max-width: 754px) 100vw, 754px\" \/><\/a><\/figure>\n\n\n\n<p class=\"has-text-align-center\"><a href=\"https:\/\/jornaloarauto.com.br\/wp-content\/uploads\/2024\/12\/Ed086pdf.pdf\" data-type=\"attachment\" data-id=\"1781\">Baixe o pdf aqui<\/a><\/p>\n<\/div>\n\n\n\n<div class=\"wp-block-column is-layout-flow wp-block-column-is-layout-flow\"><\/div>\n\n\n\n<div class=\"wp-block-column is-layout-flow wp-block-column-is-layout-flow\"><\/div>\n<\/div>\n","protected":false},"excerpt":{"rendered":"<p>Edi\u00e7\u00e3o 74 &#8211; Janeiro Baixe o pdf aqui Edi\u00e7\u00e3o 75 &#8211; Fevereiro Baixe o pdf aqui Edi\u00e7\u00e3o 76 &#8211; Mar\u00e7o Baixe o pdf aqui Edi\u00e7\u00e3o 77 &#8211; Abril Baixe o pdf aqui Edi\u00e7\u00e3o 78 &#8211; Abril Baixe o pdf aqui Edi\u00e7\u00e3o 79 &#8211; Maio Baixe o pdf aqui Edi\u00e7\u00e3o 80 &#8211; Junho Baixe o pdf&#8230;<\/p>\n","protected":false},"author":1,"featured_media":0,"parent":0,"menu_order":0,"comment_status":"closed","ping_status":"closed","template":"","meta":{"footnotes":""},"class_list":["post-466","page","type-page","status-publish","hentry"],"_links":{"self":[{"href":"https:\/\/jornaloarauto.com.br\/index.php\/wp-json\/wp\/v2\/pages\/466","targetHints":{"allow":["GET"]}}],"collection":[{"href":"https:\/\/jornaloarauto.com.br\/index.php\/wp-json\/wp\/v2\/pages"}],"about":[{"href":"https:\/\/jornaloarauto.com.br\/index.php\/wp-json\/wp\/v2\/types\/page"}],"author":[{"embeddable":true,"href":"https:\/\/jornaloarauto.com.br\/index.php\/wp-json\/wp\/v2\/users\/1"}],"replies":[{"embeddable":true,"href":"https:\/\/jornaloarauto.com.br\/index.php\/wp-json\/wp\/v2\/comments?post=466"}],"version-history":[{"count":0,"href":"https:\/\/jornaloarauto.com.br\/index.php\/wp-json\/wp\/v2\/pages\/466\/revisions"}],"wp:attachment":[{"href":"https:\/\/jornaloarauto.com.br\/index.php\/wp-json\/wp\/v2\/media?parent=466"}],"curies":[{"name":"wp","href":"https:\/\/api.w.org\/{rel}","templated":true}]}}