{"id":474,"date":"2024-02-04T10:08:10","date_gmt":"2024-02-04T13:08:10","guid":{"rendered":"https:\/\/jornaloarauto.com.br\/?page_id=474"},"modified":"2024-04-03T11:59:03","modified_gmt":"2024-04-03T14:59:03","slug":"noticias-populares-2024","status":"publish","type":"page","link":"https:\/\/jornaloarauto.com.br\/index.php\/noticias-populares-2024\/","title":{"rendered":"Not\u00edcias Populares 2024"},"content":{"rendered":"\n<div class=\"wp-block-columns is-layout-flex wp-container-core-columns-is-layout-9d6595d7 wp-block-columns-is-layout-flex\">\n<div class=\"wp-block-column is-layout-flow wp-block-column-is-layout-flow\">\n<p class=\"has-text-align-center\">Edi\u00e7\u00e3o 44 &#8211; Janeiro<\/p>\n\n\n\n<figure class=\"wp-block-image size-full is-resized\"><img decoding=\"async\" width=\"400\" height=\"451\" src=\"https:\/\/jornaloarauto.com.br\/wp-content\/uploads\/2024\/02\/not044.png\" alt=\"\" class=\"wp-image-470\" style=\"aspect-ratio:0.8869179600886918;width:274px;height:auto\" title=\"\" srcset=\"https:\/\/jornaloarauto.com.br\/wp-content\/uploads\/2024\/02\/not044.png 400w, https:\/\/jornaloarauto.com.br\/wp-content\/uploads\/2024\/02\/not044-266x300.png 266w\" sizes=\"(max-width: 400px) 100vw, 400px\" \/><\/figure>\n\n\n\n<p class=\"has-text-align-center\"><a href=\"https:\/\/jornaloarauto.com.br\/wp-content\/uploads\/2024\/02\/not044.pdf\" data-type=\"attachment\" data-id=\"472\">Baixe o pdf aqui<\/a><\/p>\n<\/div>\n\n\n\n<div class=\"wp-block-column is-layout-flow wp-block-column-is-layout-flow\">\n<p class=\"has-text-align-center\">Edi\u00e7\u00e3o 45 &#8211; Fevereiro<\/p>\n\n\n\n<figure class=\"wp-block-image size-full is-resized\"><a href=\"https:\/\/jornaloarauto.com.br\/wp-content\/uploads\/2024\/03\/not045pdf.pdf\"><img decoding=\"async\" width=\"400\" height=\"451\" src=\"https:\/\/jornaloarauto.com.br\/wp-content\/uploads\/2024\/03\/not045.png\" alt=\"\" class=\"wp-image-550\" style=\"aspect-ratio:0.8869179600886918;width:274px;height:auto\" title=\"\" srcset=\"https:\/\/jornaloarauto.com.br\/wp-content\/uploads\/2024\/03\/not045.png 400w, https:\/\/jornaloarauto.com.br\/wp-content\/uploads\/2024\/03\/not045-266x300.png 266w\" sizes=\"(max-width: 400px) 100vw, 400px\" \/><\/a><\/figure>\n\n\n\n<p class=\"has-text-align-center\"><a href=\"https:\/\/jornaloarauto.com.br\/wp-content\/uploads\/2024\/03\/not045pdf.pdf\" data-type=\"attachment\" data-id=\"552\">Baixe o pdf aqui<\/a><\/p>\n<\/div>\n\n\n\n<div class=\"wp-block-column is-layout-flow wp-block-column-is-layout-flow\">\n<p class=\"has-text-align-center\">Edi\u00e7\u00e3o 46 &#8211; Mar\u00e7o<\/p>\n\n\n\n<figure class=\"wp-block-image size-full is-resized\"><a href=\"https:\/\/jornaloarauto.com.br\/wp-content\/uploads\/2024\/04\/not046pdf.pdf\"><img decoding=\"async\" width=\"400\" height=\"451\" src=\"https:\/\/jornaloarauto.com.br\/wp-content\/uploads\/2024\/04\/not046.png\" alt=\"\" class=\"wp-image-591\" style=\"aspect-ratio:0.8869179600886918;width:274px;height:auto\" title=\"\" srcset=\"https:\/\/jornaloarauto.com.br\/wp-content\/uploads\/2024\/04\/not046.png 400w, https:\/\/jornaloarauto.com.br\/wp-content\/uploads\/2024\/04\/not046-266x300.png 266w\" sizes=\"(max-width: 400px) 100vw, 400px\" \/><\/a><\/figure>\n\n\n\n<p class=\"has-text-align-center\"><a href=\"https:\/\/jornaloarauto.com.br\/wp-content\/uploads\/2024\/04\/not046pdf.pdf\" data-type=\"attachment\" data-id=\"593\">Baixe o pdf aqui<\/a><\/p>\n<\/div>\n<\/div>\n","protected":false},"excerpt":{"rendered":"<p>Edi\u00e7\u00e3o 44 &#8211; Janeiro Baixe o pdf aqui Edi\u00e7\u00e3o 45 &#8211; Fevereiro Baixe o pdf aqui Edi\u00e7\u00e3o 46 &#8211; Mar\u00e7o Baixe o pdf aqui<\/p>\n","protected":false},"author":1,"featured_media":0,"parent":0,"menu_order":0,"comment_status":"closed","ping_status":"closed","template":"","meta":{"footnotes":""},"class_list":["post-474","page","type-page","status-publish","hentry"],"_links":{"self":[{"href":"https:\/\/jornaloarauto.com.br\/index.php\/wp-json\/wp\/v2\/pages\/474","targetHints":{"allow":["GET"]}}],"collection":[{"href":"https:\/\/jornaloarauto.com.br\/index.php\/wp-json\/wp\/v2\/pages"}],"about":[{"href":"https:\/\/jornaloarauto.com.br\/index.php\/wp-json\/wp\/v2\/types\/page"}],"author":[{"embeddable":true,"href":"https:\/\/jornaloarauto.com.br\/index.php\/wp-json\/wp\/v2\/users\/1"}],"replies":[{"embeddable":true,"href":"https:\/\/jornaloarauto.com.br\/index.php\/wp-json\/wp\/v2\/comments?post=474"}],"version-history":[{"count":0,"href":"https:\/\/jornaloarauto.com.br\/index.php\/wp-json\/wp\/v2\/pages\/474\/revisions"}],"wp:attachment":[{"href":"https:\/\/jornaloarauto.com.br\/index.php\/wp-json\/wp\/v2\/media?parent=474"}],"curies":[{"name":"wp","href":"https:\/\/api.w.org\/{rel}","templated":true}]}}